{"id":6698,"date":"2023-11-29T15:19:26","date_gmt":"2023-11-29T15:19:26","guid":{"rendered":"https:\/\/orsenigo.com\/?page_id=6698"},"modified":"2023-11-30T14:34:33","modified_gmt":"2023-11-30T14:34:33","slug":"collezione-scrivanie","status":"publish","type":"page","link":"https:\/\/orsenigo.com\/fr\/collezione-scrivanie","title":{"rendered":"Collection - Bureaux"},"content":{"rendered":"<div data-elementor-type=\"wp-post\" data-elementor-id=\"6698\" class=\"elementor elementor-6698\">\n\t\t\t\t\t\t<section class=\"elementor-section elementor-top-section elementor-element elementor-element-7ac9ca5 elementor-section-boxed elementor-section-height-default elementor-section-height-default\" data-id=\"7ac9ca5\" data-element_type=\"section\" data-settings=\"{&quot;background_background&quot;:&quot;classic&quot;,&quot;jet_parallax_layout_list&quot;:[]}\">\n\t\t\t\t\t\t\t<div class=\"elementor-background-overlay\"><\/div>\n\t\t\t\t\t\t\t<div class=\"elementor-container elementor-column-gap-default\">\n\t\t\t\t\t<div class=\"elementor-column elementor-col-100 elementor-top-column elementor-element elementor-element-cf7f5a8\" data-id=\"cf7f5a8\" data-element_type=\"column\">\n\t\t\t<div class=\"elementor-widget-wrap elementor-element-populated\">\n\t\t\t\t\t\t<div class=\"elementor-element elementor-element-0ff87ed elementor-widget elementor-widget-heading\" data-id=\"0ff87ed\" data-element_type=\"widget\" data-widget_type=\"heading.default\">\n\t\t\t\t<div class=\"elementor-widget-container\">\n\t\t\t<h2 class=\"elementor-heading-title elementor-size-default\">Bureaux<\/h2>\t\t<\/div>\n\t\t\t\t<\/div>\n\t\t\t\t\t<\/div>\n\t\t<\/div>\n\t\t\t\t\t<\/div>\n\t\t<\/section>\n\t\t\t\t<section class=\"elementor-section elementor-top-section elementor-element elementor-element-9e0edf4 elementor-section-full_width elementor-section-height-default elementor-section-height-default\" data-id=\"9e0edf4\" data-element_type=\"section\" data-settings=\"{&quot;background_background&quot;:&quot;classic&quot;,&quot;jet_parallax_layout_list&quot;:[]}\">\n\t\t\t\t\t\t<div class=\"elementor-container elementor-column-gap-default\">\n\t\t\t\t\t<div class=\"elementor-column elementor-col-100 elementor-top-column elementor-element elementor-element-eee0896\" data-id=\"eee0896\" data-element_type=\"column\">\n\t\t\t<div class=\"elementor-widget-wrap elementor-element-populated\">\n\t\t\t\t\t\t<div class=\"elementor-element elementor-element-079b266 elementor-widget elementor-widget-text-editor\" data-id=\"079b266\" data-element_type=\"widget\" data-widget_type=\"text-editor.default\">\n\t\t\t\t<div class=\"elementor-widget-container\">\n\t\t\t\t\t\t\t<p><strong>Bureaux<\/strong> fonctionnel et sophistiqu\u00e9 pour des environnements de travail inspir\u00e9s. Les surfaces de travail spacieuses et les solutions de rangement int\u00e9gr\u00e9es am\u00e9liorent la productivit\u00e9 avec style.<\/p>\t\t\t\t\t\t<\/div>\n\t\t\t\t<\/div>\n\t\t\t\t<section class=\"elementor-section elementor-inner-section elementor-element elementor-element-3ce313e elementor-section-full_width elementor-section-height-default elementor-section-height-default\" data-id=\"3ce313e\" data-element_type=\"section\" data-settings=\"{&quot;jet_parallax_layout_list&quot;:[]}\">\n\t\t\t\t\t\t<div class=\"elementor-container elementor-column-gap-custom\">\n\t\t\t\t\t<div class=\"elementor-column elementor-col-25 elementor-inner-column elementor-element elementor-element-2058167\" data-id=\"2058167\" data-element_type=\"column\" data-settings=\"{&quot;background_background&quot;:&quot;classic&quot;}\">\n\t\t\t<div class=\"elementor-widget-wrap elementor-element-populated\">\n\t\t\t\t\t\t<div class=\"elementor-element elementor-element-ab54556 elementor-widget__width-inherit elementor-widget-mobile__width-inherit jet-dropbar-position-bottom-left elementor-widget elementor-widget-jet-dropbar\" data-id=\"ab54556\" data-element_type=\"widget\" data-widget_type=\"jet-dropbar.default\">\n\t\t\t\t<div class=\"elementor-widget-container\">\n\t\t\t<div class=\"elementor-jet-dropbar jet-elements\">\n<div class=\"jet-dropbar jet-dropbar--none-effect\" data-settings=\"{&quot;mode&quot;:&quot;click&quot;,&quot;hide_delay&quot;:false,&quot;ajax_template&quot;:&quot;false&quot;,&quot;template_id&quot;:false,&quot;signature&quot;:&quot;e336ac4c6da8bf9b991c9032e79ae06d&quot;}\">\n\t<div class=\"jet-dropbar__inner\">\n<button class=\"jet-dropbar__button\"><span class=\"jet-dropbar__button-text\">INDOOR<\/span><span class=\"jet-elements-icon jet-dropbar__button-icon jet-dropbar__button-icon--after\"><i aria-hidden=\"true\" class=\"fas fa-caret-down\"><\/i><\/span><\/button>\n<div class=\"jet-dropbar__content-wrapper\">\n\t<div class=\"jet-dropbar__content\"><div><span style=\"color: #333333\"><a style=\"color: #333333\" href=\"https:\/\/orsenigo.com\/fr\/collezione-tavoli\/\" rel=\"nofollow\"><br \/>Tableaux<br \/><\/a><\/span><\/div><div><span style=\"color: #333333\"><a style=\"color: #333333\" href=\"https:\/\/orsenigo.com\/fr\/collezione-sedute\/\" rel=\"nofollow\"><br \/>Si\u00e8ges<br \/><\/a><\/span><\/div><div><span style=\"color: #333333\"><a style=\"color: #333333\" href=\"https:\/\/orsenigo.com\/fr\/collezione-tavolini\/\" rel=\"nofollow\"><br \/>Tables basses<br \/><\/a><\/span><\/div><div><span style=\"color: #333333\"><a style=\"color: #333333\" href=\"https:\/\/orsenigo.com\/fr\/collezione-librerie\/\" rel=\"nofollow\"><br \/>Librairies<br \/><\/a><\/span><\/div><div><span style=\"color: #333333\"><a style=\"color: #333333\" href=\"https:\/\/orsenigo.com\/fr\/collezione-madie\/\" rel=\"nofollow\"><br \/>Madie<br \/><\/a><\/span><\/div><div><span style=\"color: #333333\"><a style=\"color: #333333\" href=\"https:\/\/orsenigo.com\/fr\/collezione-consolle\/\" rel=\"nofollow\"><br \/>Console<br \/><\/a><\/span><\/div><div><span style=\"color: #333333\"><a style=\"color: #333333\" href=\"https:\/\/orsenigo.com\/fr\/collezione-scrivanie\/\" rel=\"nofollow\"><br \/>Bureaux<br \/><\/a><\/span><\/div><div><span style=\"color: #333333\"><a style=\"color: #333333\" href=\"https:\/\/orsenigo.com\/fr\/collezione-specchi\/\" rel=\"nofollow\"><br \/>Miroirs<br \/><\/a><\/span><\/div><div><span style=\"color: #333333\"><a style=\"color: #333333\" href=\"https:\/\/orsenigo.com\/fr\/collezione-porta-abiti\/\" rel=\"nofollow\"><br \/>Porte-manteaux<br \/><\/a><\/span><\/div><div><span style=\"color: #333333\"><a style=\"color: #333333\" href=\"https:\/\/orsenigo.com\/fr\/collezione-portavivande\/\" rel=\"nofollow \"><br \/>Support alimentaire<br \/><\/a><\/span><\/div><\/div>\n<\/div><\/div>\n<\/div>\n<\/div>\t\t<\/div>\n\t\t\t\t<\/div>\n\t\t\t\t\t<\/div>\n\t\t<\/div>\n\t\t\t\t<div class=\"elementor-column elementor-col-25 elementor-inner-column elementor-element elementor-element-423c899\" data-id=\"423c899\" data-element_type=\"column\" data-settings=\"{&quot;background_background&quot;:&quot;classic&quot;}\">\n\t\t\t<div class=\"elementor-widget-wrap elementor-element-populated\">\n\t\t\t\t\t\t<div class=\"elementor-element elementor-element-b28d7eb elementor-widget__width-inherit jet-dropbar-position-bottom-left elementor-widget elementor-widget-jet-dropbar\" data-id=\"b28d7eb\" data-element_type=\"widget\" data-widget_type=\"jet-dropbar.default\">\n\t\t\t\t<div class=\"elementor-widget-container\">\n\t\t\t<div class=\"elementor-jet-dropbar jet-elements\">\n<div class=\"jet-dropbar jet-dropbar--none-effect\" data-settings=\"{&quot;mode&quot;:&quot;click&quot;,&quot;hide_delay&quot;:false,&quot;ajax_template&quot;:&quot;false&quot;,&quot;template_id&quot;:false,&quot;signature&quot;:&quot;e336ac4c6da8bf9b991c9032e79ae06d&quot;}\">\n\t<div class=\"jet-dropbar__inner\">\n<button class=\"jet-dropbar__button\"><span class=\"jet-dropbar__button-text\">EXTERIEUR<\/span><span class=\"jet-elements-icon jet-dropbar__button-icon jet-dropbar__button-icon--after\"><i aria-hidden=\"true\" class=\"fas fa-caret-down\"><\/i><\/span><\/button>\n<div class=\"jet-dropbar__content-wrapper\">\n\t<div class=\"jet-dropbar__content\"><div><span style=\"color: #333333\"><a style=\"color: #333333\" href=\"https:\/\/orsenigo.com\/fr\/collezione-tavoli-outdoor\/\" rel=\"nofollow\"><br \/>Tableaux<br \/><\/a><\/span><\/div><div><span style=\"color: #333333\"><a style=\"color: #333333\" href=\"https:\/\/orsenigo.com\/fr\/collezione-sedute-outdoor\/\" rel=\"nofollow\"><br \/>Si\u00e8ges<br \/><\/a><\/span><\/div><div><span style=\"color: #333333\"><a style=\"color: #333333\" href=\"https:\/\/orsenigo.com\/fr\/collezione-tavolini-outdoor\/\" rel=\"nofollow\"><br \/>Tables basses<br \/><\/a><\/span><\/div><div><span style=\"color: #333333\"><a style=\"color: #333333\" href=\"https:\/\/orsenigo.com\/fr\/collezione-consolle-outdoor\/\" rel=\"nofollow\"><br \/>Console<br \/><\/a><\/span><\/div><\/div>\n<\/div><\/div>\n<\/div>\n<\/div>\t\t<\/div>\n\t\t\t\t<\/div>\n\t\t\t\t\t<\/div>\n\t\t<\/div>\n\t\t\t\t<div class=\"elementor-column elementor-col-25 elementor-inner-column elementor-element elementor-element-6d99ad3\" data-id=\"6d99ad3\" data-element_type=\"column\" data-settings=\"{&quot;background_background&quot;:&quot;classic&quot;}\">\n\t\t\t<div class=\"elementor-widget-wrap elementor-element-populated\">\n\t\t\t\t\t\t<div class=\"elementor-element elementor-element-d4097a1 elementor-widget__width-inherit elementor-widget elementor-widget-jet-search\" data-id=\"d4097a1\" data-element_type=\"widget\" data-widget_type=\"jet-search.default\">\n\t\t\t\t<div class=\"elementor-widget-container\">\n\t\t\t<div class=\"elementor-jet-search jet-blocks\"><div class=\"jet-search\"><form role=\"search\" method=\"get\" class=\"jet-search__form\" action=\"https:\/\/orsenigo.com\/fr\" data-trp-original-action=\"https:\/\/orsenigo.com\/fr\/\">\n\t<label class=\"jet-search__label\">\n\t\t<input type=\"search\" class=\"jet-search__field\" placeholder=\"Recherche ...\" value=\"\" name=\"s\" \/>\n\t<\/label>\n\t\t\t<input type=\"hidden\" name=\"trp-form-language\" value=\"fr\"\/><\/form><\/div><\/div>\t\t<\/div>\n\t\t\t\t<\/div>\n\t\t\t\t\t<\/div>\n\t\t<\/div>\n\t\t\t\t<div class=\"elementor-column elementor-col-25 elementor-inner-column elementor-element elementor-element-e569f4b elementor-hidden-mobile\" data-id=\"e569f4b\" data-element_type=\"column\" data-settings=\"{&quot;background_background&quot;:&quot;classic&quot;}\">\n\t\t\t<div class=\"elementor-widget-wrap\">\n\t\t\t\t\t\t\t<\/div>\n\t\t<\/div>\n\t\t\t\t\t<\/div>\n\t\t<\/section>\n\t\t\t\t\t<\/div>\n\t\t<\/div>\n\t\t\t\t\t<\/div>\n\t\t<\/section>\n\t\t\t\t<section class=\"elementor-section elementor-top-section elementor-element elementor-element-3a046ee elementor-section-full_width elementor-section-height-default elementor-section-height-default\" data-id=\"3a046ee\" data-element_type=\"section\" data-settings=\"{&quot;background_background&quot;:&quot;classic&quot;,&quot;jet_parallax_layout_list&quot;:[]}\">\n\t\t\t\t\t\t<div class=\"elementor-container elementor-column-gap-default\">\n\t\t\t\t\t<div class=\"elementor-column elementor-col-100 elementor-top-column elementor-element elementor-element-c5eae8e maincolumngap\" data-id=\"c5eae8e\" data-element_type=\"column\">\n\t\t\t<div class=\"elementor-widget-wrap elementor-element-populated\">\n\t\t\t\t\t\t<section class=\"elementor-section elementor-inner-section elementor-element elementor-element-24483a3 elementor-section-full_width elementor-section-height-default elementor-section-height-default\" data-id=\"24483a3\" data-element_type=\"section\" data-settings=\"{&quot;jet_parallax_layout_list&quot;:[]}\">\n\t\t\t\t\t\t<div class=\"elementor-container elementor-column-gap-default\">\n\t\t\t\t\t<div class=\"elementor-column elementor-col-25 elementor-inner-column elementor-element elementor-element-177b08f border_off\" data-id=\"177b08f\" data-element_type=\"column\" data-settings=\"{&quot;background_background&quot;:&quot;classic&quot;}\">\n\t\t\t<div class=\"elementor-widget-wrap elementor-element-populated\">\n\t\t\t\t\t\t<div class=\"elementor-element elementor-element-133d784 animated-slow elementor-invisible elementor-widget elementor-widget-image\" data-id=\"133d784\" data-element_type=\"widget\" data-settings=\"{&quot;_animation&quot;:&quot;fadeIn&quot;,&quot;_animation_delay&quot;:0}\" data-widget_type=\"image.default\">\n\t\t\t\t<div class=\"elementor-widget-container\">\n\t\t\t\t\t\t\t\t\t\t\t\t\t\t<a href=\"https:\/\/orsenigo.com\/fr\/scrivanie-desk\/\">\n\t\t\t\t\t\t\t<img fetchpriority=\"high\" decoding=\"async\" width=\"1380\" height=\"1400\" src=\"https:\/\/orsenigo.com\/wp-content\/uploads\/2022\/05\/PC1-6.jpg\" class=\"attachment-full size-full wp-image-2570\" alt=\"\" srcset=\"https:\/\/orsenigo.com\/wp-content\/uploads\/2022\/05\/PC1-6.jpg 1380w, https:\/\/orsenigo.com\/wp-content\/uploads\/2022\/05\/PC1-6-296x300.jpg 296w, https:\/\/orsenigo.com\/wp-content\/uploads\/2022\/05\/PC1-6-1009x1024.jpg 1009w, https:\/\/orsenigo.com\/wp-content\/uploads\/2022\/05\/PC1-6-768x779.jpg 768w\" sizes=\"(max-width: 1380px) 100vw, 1380px\" \/>\t\t\t\t\t\t\t\t<\/a>\n\t\t\t\t\t\t\t\t\t\t\t\t\t<\/div>\n\t\t\t\t<\/div>\n\t\t\t\t<div class=\"elementor-element elementor-element-da59f19 elementor-widget elementor-widget-text-editor\" data-id=\"da59f19\" data-element_type=\"widget\" data-widget_type=\"text-editor.default\">\n\t\t\t\t<div class=\"elementor-widget-container\">\n\t\t\t\t\t\t\t<p><strong>Desk<\/strong><\/p>\t\t\t\t\t\t<\/div>\n\t\t\t\t<\/div>\n\t\t\t\t<div class=\"elementor-element elementor-element-29247e8 elementor-widget elementor-widget-text-editor\" data-id=\"29247e8\" data-element_type=\"widget\" data-widget_type=\"text-editor.default\">\n\t\t\t\t<div class=\"elementor-widget-container\">\n\t\t\t\t\t\t\t<p>Conception par Studio Orsenigo<\/p>\t\t\t\t\t\t<\/div>\n\t\t\t\t<\/div>\n\t\t\t\t<div class=\"elementor-element elementor-element-6b5cb9c elementor-widget elementor-widget-text-editor\" data-id=\"6b5cb9c\" data-element_type=\"widget\" data-widget_type=\"text-editor.default\">\n\t\t\t\t<div class=\"elementor-widget-container\">\n\t\t\t\t\t\t\t<p>Cadre m\u00e9tallique, plateau en verre tremp\u00e9 ou en ch\u00eane avec insert en cuir, fa\u00e7ade de tiroir en verre ou neutre.<\/p>\t\t\t\t\t\t<\/div>\n\t\t\t\t<\/div>\n\t\t\t\t\t<\/div>\n\t\t<\/div>\n\t\t\t\t<div class=\"elementor-column elementor-col-25 elementor-inner-column elementor-element elementor-element-3c7cd20 border_off\" data-id=\"3c7cd20\" data-element_type=\"column\" data-settings=\"{&quot;background_background&quot;:&quot;classic&quot;}\">\n\t\t\t<div class=\"elementor-widget-wrap elementor-element-populated\">\n\t\t\t\t\t\t<div class=\"elementor-element elementor-element-c4a4856 animated-slow elementor-invisible elementor-widget elementor-widget-image\" data-id=\"c4a4856\" data-element_type=\"widget\" data-settings=\"{&quot;_animation&quot;:&quot;fadeIn&quot;,&quot;_animation_delay&quot;:0}\" data-widget_type=\"image.default\">\n\t\t\t\t<div class=\"elementor-widget-container\">\n\t\t\t\t\t\t\t\t\t\t\t\t\t\t<a href=\"https:\/\/orsenigo.com\/fr\/scrivanie-grandangolo\/\">\n\t\t\t\t\t\t\t<img decoding=\"async\" width=\"1380\" height=\"1400\" src=\"https:\/\/orsenigo.com\/wp-content\/uploads\/2023\/05\/Progetto-senza-titolo-6.jpg\" class=\"attachment-full size-full wp-image-4170\" alt=\"\" srcset=\"https:\/\/orsenigo.com\/wp-content\/uploads\/2023\/05\/Progetto-senza-titolo-6.jpg 1380w, https:\/\/orsenigo.com\/wp-content\/uploads\/2023\/05\/Progetto-senza-titolo-6-296x300.jpg 296w, https:\/\/orsenigo.com\/wp-content\/uploads\/2023\/05\/Progetto-senza-titolo-6-1009x1024.jpg 1009w, https:\/\/orsenigo.com\/wp-content\/uploads\/2023\/05\/Progetto-senza-titolo-6-768x779.jpg 768w, https:\/\/orsenigo.com\/wp-content\/uploads\/2023\/05\/Progetto-senza-titolo-6-12x12.jpg 12w\" sizes=\"(max-width: 1380px) 100vw, 1380px\" \/>\t\t\t\t\t\t\t\t<\/a>\n\t\t\t\t\t\t\t\t\t\t\t\t\t<\/div>\n\t\t\t\t<\/div>\n\t\t\t\t<div class=\"elementor-element elementor-element-4bf8a76 elementor-widget elementor-widget-text-editor\" data-id=\"4bf8a76\" data-element_type=\"widget\" data-widget_type=\"text-editor.default\">\n\t\t\t\t<div class=\"elementor-widget-container\">\n\t\t\t\t\t\t\t<p><strong>Grandangolo<\/strong><\/p>\t\t\t\t\t\t<\/div>\n\t\t\t\t<\/div>\n\t\t\t\t<div class=\"elementor-element elementor-element-66fd51d elementor-widget elementor-widget-text-editor\" data-id=\"66fd51d\" data-element_type=\"widget\" data-widget_type=\"text-editor.default\">\n\t\t\t\t<div class=\"elementor-widget-container\">\n\t\t\t\t\t\t\t<div class=\"elementor-element elementor-element-ff150b0 elementor-widget elementor-widget-text-editor\" data-id=\"ff150b0\" data-element_type=\"widget\" data-widget_type=\"text-editor.default\"><div class=\"elementor-widget-container\"><p>Conception par Studio Orsenigo<\/p><\/div><\/div>\t\t\t\t\t\t<\/div>\n\t\t\t\t<\/div>\n\t\t\t\t<div class=\"elementor-element elementor-element-98bf9f4 elementor-widget elementor-widget-text-editor\" data-id=\"98bf9f4\" data-element_type=\"widget\" data-widget_type=\"text-editor.default\">\n\t\t\t\t<div class=\"elementor-widget-container\">\n\t\t\t\t\t\t\t<p>Cadre tubulaire en m\u00e9tal avec inserts en ch\u00eane massif, plateau en verre ou en c\u00e9ramique<\/p>\t\t\t\t\t\t<\/div>\n\t\t\t\t<\/div>\n\t\t\t\t\t<\/div>\n\t\t<\/div>\n\t\t\t\t<div class=\"elementor-column elementor-col-25 elementor-inner-column elementor-element elementor-element-c0b22e8 border_off\" data-id=\"c0b22e8\" data-element_type=\"column\" data-settings=\"{&quot;background_background&quot;:&quot;classic&quot;}\">\n\t\t\t<div class=\"elementor-widget-wrap elementor-element-populated\">\n\t\t\t\t\t\t<div class=\"elementor-element elementor-element-e07e154 animated-slow elementor-invisible elementor-widget elementor-widget-image\" data-id=\"e07e154\" data-element_type=\"widget\" data-settings=\"{&quot;_animation&quot;:&quot;fadeIn&quot;,&quot;_animation_delay&quot;:0}\" data-widget_type=\"image.default\">\n\t\t\t\t<div class=\"elementor-widget-container\">\n\t\t\t\t\t\t\t\t\t\t\t\t\t\t<a href=\"https:\/\/orsenigo.com\/fr\/scrivanie-flat\/\">\n\t\t\t\t\t\t\t<img decoding=\"async\" width=\"1380\" height=\"1400\" src=\"https:\/\/orsenigo.com\/wp-content\/uploads\/2022\/05\/PC2-5.jpg\" class=\"attachment-full size-full wp-image-2572\" alt=\"\" srcset=\"https:\/\/orsenigo.com\/wp-content\/uploads\/2022\/05\/PC2-5.jpg 1380w, https:\/\/orsenigo.com\/wp-content\/uploads\/2022\/05\/PC2-5-296x300.jpg 296w, https:\/\/orsenigo.com\/wp-content\/uploads\/2022\/05\/PC2-5-1009x1024.jpg 1009w, https:\/\/orsenigo.com\/wp-content\/uploads\/2022\/05\/PC2-5-768x779.jpg 768w\" sizes=\"(max-width: 1380px) 100vw, 1380px\" \/>\t\t\t\t\t\t\t\t<\/a>\n\t\t\t\t\t\t\t\t\t\t\t\t\t<\/div>\n\t\t\t\t<\/div>\n\t\t\t\t<div class=\"elementor-element elementor-element-0f216c1 elementor-widget elementor-widget-text-editor\" data-id=\"0f216c1\" data-element_type=\"widget\" data-widget_type=\"text-editor.default\">\n\t\t\t\t<div class=\"elementor-widget-container\">\n\t\t\t\t\t\t\t<p><strong>Flat<\/strong><\/p>\t\t\t\t\t\t<\/div>\n\t\t\t\t<\/div>\n\t\t\t\t<div class=\"elementor-element elementor-element-0ee380c elementor-widget elementor-widget-text-editor\" data-id=\"0ee380c\" data-element_type=\"widget\" data-widget_type=\"text-editor.default\">\n\t\t\t\t<div class=\"elementor-widget-container\">\n\t\t\t\t\t\t\t<div class=\"elementor-element elementor-element-ff150b0 elementor-widget elementor-widget-text-editor\" data-id=\"ff150b0\" data-element_type=\"widget\" data-widget_type=\"text-editor.default\"><div class=\"elementor-widget-container\"><p>Conception par Umberto Asnago<\/p><\/div><\/div>\t\t\t\t\t\t<\/div>\n\t\t\t\t<\/div>\n\t\t\t\t<div class=\"elementor-element elementor-element-a532d5b elementor-widget elementor-widget-text-editor\" data-id=\"a532d5b\" data-element_type=\"widget\" data-widget_type=\"text-editor.default\">\n\t\t\t\t<div class=\"elementor-widget-container\">\n\t\t\t\t\t\t\t<p>Structure en m\u00e9tal, plateau en ch\u00eane avec rabat en cuir, plateau en verre de couleur bronze et tiroirs en ch\u00eane.<\/p>\t\t\t\t\t\t<\/div>\n\t\t\t\t<\/div>\n\t\t\t\t\t<\/div>\n\t\t<\/div>\n\t\t\t\t<div class=\"elementor-column elementor-col-25 elementor-inner-column elementor-element elementor-element-6011d97\" data-id=\"6011d97\" data-element_type=\"column\" data-settings=\"{&quot;background_background&quot;:&quot;classic&quot;}\">\n\t\t\t<div class=\"elementor-widget-wrap\">\n\t\t\t\t\t\t\t<\/div>\n\t\t<\/div>\n\t\t\t\t\t<\/div>\n\t\t<\/section>\n\t\t\t\t\t<\/div>\n\t\t<\/div>\n\t\t\t\t\t<\/div>\n\t\t<\/section>\n\t\t\t\t<\/div>","protected":false},"excerpt":{"rendered":"<p>Bureaux Bureaux fonctionnels et sophistiqu\u00e9s pour des environnements de travail inspir\u00e9s. Les plans de travail spacieux et les solutions de rangement int\u00e9gr\u00e9es am\u00e9liorent la productivit\u00e9 avec style. INDOOR TablesSi\u00e8gesTables d'appointTables de cuisineBiblioth\u00e8quesMadesConsoles\u00c9cransMiroirsPortemanteauxBureaux d'appoint OUTDOOR TablesSi\u00e8gesTables d'appointBureaux d'appoint Desk Design by Studio Orsenigo Structure m\u00e9tallique, plateau en verre tremp\u00e9 ou en ch\u00eane avec insert en cuir, fa\u00e7ade des tiroirs en verre ou neutre ...<\/p>\n<p class=\"read-more\"> <a class=\"\" href=\"https:\/\/orsenigo.com\/fr\/collezione-scrivanie\"> <span class=\"screen-reader-text\">Collection - Bureaux<\/span> Lire la suite \"<\/a><\/p>","protected":false},"author":1,"featured_media":0,"parent":0,"menu_order":0,"comment_status":"closed","ping_status":"closed","template":"","meta":{"site-sidebar-layout":"no-sidebar","site-content-layout":"page-builder","ast-main-header-display":"","ast-hfb-above-header-display":"","ast-hfb-below-header-display":"","ast-hfb-mobile-header-display":"","site-post-title":"disabled","ast-breadcrumbs-content":"","ast-featured-img":"disabled","footer-sml-layout":"","theme-transparent-header-meta":"enabled","adv-header-id-meta":"","stick-header-meta":"","header-above-stick-meta":"","header-main-stick-meta":"","header-below-stick-meta":"","footnotes":""},"class_list":["post-6698","page","type-page","status-publish","hentry"],"aioseo_notices":[],"jetpack_sharing_enabled":true,"_links":{"self":[{"href":"https:\/\/orsenigo.com\/fr\/wp-json\/wp\/v2\/pages\/6698","targetHints":{"allow":["GET"]}}],"collection":[{"href":"https:\/\/orsenigo.com\/fr\/wp-json\/wp\/v2\/pages"}],"about":[{"href":"https:\/\/orsenigo.com\/fr\/wp-json\/wp\/v2\/types\/page"}],"author":[{"embeddable":true,"href":"https:\/\/orsenigo.com\/fr\/wp-json\/wp\/v2\/users\/1"}],"replies":[{"embeddable":true,"href":"https:\/\/orsenigo.com\/fr\/wp-json\/wp\/v2\/comments?post=6698"}],"version-history":[{"count":5,"href":"https:\/\/orsenigo.com\/fr\/wp-json\/wp\/v2\/pages\/6698\/revisions"}],"predecessor-version":[{"id":7235,"href":"https:\/\/orsenigo.com\/fr\/wp-json\/wp\/v2\/pages\/6698\/revisions\/7235"}],"wp:attachment":[{"href":"https:\/\/orsenigo.com\/fr\/wp-json\/wp\/v2\/media?parent=6698"}],"curies":[{"name":"wp","href":"https:\/\/api.w.org\/{rel}","templated":true}]}}