{"id":6688,"date":"2023-11-29T14:30:35","date_gmt":"2023-11-29T14:30:35","guid":{"rendered":"https:\/\/orsenigo.com\/?page_id=6688"},"modified":"2023-11-30T14:33:26","modified_gmt":"2023-11-30T14:33:26","slug":"collezione-madie","status":"publish","type":"page","link":"https:\/\/orsenigo.com\/fr\/collezione-madie","title":{"rendered":"Collection - Buffets"},"content":{"rendered":"<div data-elementor-type=\"wp-post\" data-elementor-id=\"6688\" class=\"elementor elementor-6688\">\n\t\t\t\t\t\t<section class=\"elementor-section elementor-top-section elementor-element elementor-element-7ac9ca5 elementor-section-boxed elementor-section-height-default elementor-section-height-default\" data-id=\"7ac9ca5\" data-element_type=\"section\" data-settings=\"{&quot;background_background&quot;:&quot;classic&quot;,&quot;jet_parallax_layout_list&quot;:[]}\">\n\t\t\t\t\t\t\t<div class=\"elementor-background-overlay\"><\/div>\n\t\t\t\t\t\t\t<div class=\"elementor-container elementor-column-gap-default\">\n\t\t\t\t\t<div class=\"elementor-column elementor-col-100 elementor-top-column elementor-element elementor-element-cf7f5a8\" data-id=\"cf7f5a8\" data-element_type=\"column\">\n\t\t\t<div class=\"elementor-widget-wrap elementor-element-populated\">\n\t\t\t\t\t\t<div class=\"elementor-element elementor-element-0ff87ed elementor-widget elementor-widget-heading\" data-id=\"0ff87ed\" data-element_type=\"widget\" data-widget_type=\"heading.default\">\n\t\t\t\t<div class=\"elementor-widget-container\">\n\t\t\t<h2 class=\"elementor-heading-title elementor-size-default\">armoires<\/h2>\t\t<\/div>\n\t\t\t\t<\/div>\n\t\t\t\t\t<\/div>\n\t\t<\/div>\n\t\t\t\t\t<\/div>\n\t\t<\/section>\n\t\t\t\t<section class=\"elementor-section elementor-top-section elementor-element elementor-element-9e0edf4 elementor-section-full_width elementor-section-height-default elementor-section-height-default\" data-id=\"9e0edf4\" data-element_type=\"section\" data-settings=\"{&quot;background_background&quot;:&quot;classic&quot;,&quot;jet_parallax_layout_list&quot;:[]}\">\n\t\t\t\t\t\t<div class=\"elementor-container elementor-column-gap-default\">\n\t\t\t\t\t<div class=\"elementor-column elementor-col-100 elementor-top-column elementor-element elementor-element-eee0896\" data-id=\"eee0896\" data-element_type=\"column\">\n\t\t\t<div class=\"elementor-widget-wrap elementor-element-populated\">\n\t\t\t\t\t\t<div class=\"elementor-element elementor-element-079b266 elementor-widget elementor-widget-text-editor\" data-id=\"079b266\" data-element_type=\"widget\" data-widget_type=\"text-editor.default\">\n\t\t\t\t<div class=\"elementor-widget-container\">\n\t\t\t\t\t\t\t<p><strong>Madie<\/strong> Leur design unique allie fonctionnalit\u00e9 et esth\u00e9tique. Fabriqu\u00e9s avec le souci du d\u00e9tail, ils offrent des solutions de rangement sophistiqu\u00e9es et ajoutent de l'\u00e9l\u00e9gance \u00e0 la salle \u00e0 manger.<\/p>\t\t\t\t\t\t<\/div>\n\t\t\t\t<\/div>\n\t\t\t\t<section class=\"elementor-section elementor-inner-section elementor-element elementor-element-fb344bd elementor-section-full_width elementor-section-height-default elementor-section-height-default\" data-id=\"fb344bd\" data-element_type=\"section\" data-settings=\"{&quot;jet_parallax_layout_list&quot;:[]}\">\n\t\t\t\t\t\t<div class=\"elementor-container elementor-column-gap-custom\">\n\t\t\t\t\t<div class=\"elementor-column elementor-col-25 elementor-inner-column elementor-element elementor-element-3faa43a\" data-id=\"3faa43a\" data-element_type=\"column\" data-settings=\"{&quot;background_background&quot;:&quot;classic&quot;}\">\n\t\t\t<div class=\"elementor-widget-wrap elementor-element-populated\">\n\t\t\t\t\t\t<div class=\"elementor-element elementor-element-f98284c elementor-widget__width-inherit elementor-widget-mobile__width-inherit jet-dropbar-position-bottom-left elementor-widget elementor-widget-jet-dropbar\" data-id=\"f98284c\" data-element_type=\"widget\" data-widget_type=\"jet-dropbar.default\">\n\t\t\t\t<div class=\"elementor-widget-container\">\n\t\t\t<div class=\"elementor-jet-dropbar jet-elements\">\n<div class=\"jet-dropbar jet-dropbar--none-effect\" data-settings=\"{&quot;mode&quot;:&quot;click&quot;,&quot;hide_delay&quot;:false,&quot;ajax_template&quot;:&quot;false&quot;,&quot;template_id&quot;:false,&quot;signature&quot;:&quot;e336ac4c6da8bf9b991c9032e79ae06d&quot;}\">\n\t<div class=\"jet-dropbar__inner\">\n<button class=\"jet-dropbar__button\"><span class=\"jet-dropbar__button-text\">INDOOR<\/span><span class=\"jet-elements-icon jet-dropbar__button-icon jet-dropbar__button-icon--after\"><i aria-hidden=\"true\" class=\"fas fa-caret-down\"><\/i><\/span><\/button>\n<div class=\"jet-dropbar__content-wrapper\">\n\t<div class=\"jet-dropbar__content\"><div><span style=\"color: #333333\"><a style=\"color: #333333\" href=\"https:\/\/orsenigo.com\/fr\/collezione-tavoli\/\" rel=\"nofollow\"><br \/>Tableaux<br \/><\/a><\/span><\/div><div><span style=\"color: #333333\"><a style=\"color: #333333\" href=\"https:\/\/orsenigo.com\/fr\/collezione-sedute\/\" rel=\"nofollow\"><br \/>Si\u00e8ges<br \/><\/a><\/span><\/div><div><span style=\"color: #333333\"><a style=\"color: #333333\" href=\"https:\/\/orsenigo.com\/fr\/collezione-tavolini\/\" rel=\"nofollow\"><br \/>Tables basses<br \/><\/a><\/span><\/div><div><span style=\"color: #333333\"><a style=\"color: #333333\" href=\"https:\/\/orsenigo.com\/fr\/collezione-librerie\/\" rel=\"nofollow\"><br \/>Librairies<br \/><\/a><\/span><\/div><div><span style=\"color: #333333\"><a style=\"color: #333333\" href=\"https:\/\/orsenigo.com\/fr\/collezione-madie\/\" rel=\"nofollow\"><br \/>Madie<br \/><\/a><\/span><\/div><div><span style=\"color: #333333\"><a style=\"color: #333333\" href=\"https:\/\/orsenigo.com\/fr\/collezione-consolle\/\" rel=\"nofollow\"><br \/>Console<br \/><\/a><\/span><\/div><div><span style=\"color: #333333\"><a style=\"color: #333333\" href=\"https:\/\/orsenigo.com\/fr\/collezione-scrivanie\/\" rel=\"nofollow\"><br \/>Bureaux<br \/><\/a><\/span><\/div><div><span style=\"color: #333333\"><a style=\"color: #333333\" href=\"https:\/\/orsenigo.com\/fr\/collezione-specchi\/\" rel=\"nofollow\"><br \/>Miroirs<br \/><\/a><\/span><\/div><div><span style=\"color: #333333\"><a style=\"color: #333333\" href=\"https:\/\/orsenigo.com\/fr\/collezione-porta-abiti\/\" rel=\"nofollow\"><br \/>Porte-manteaux<br \/><\/a><\/span><\/div><div><span style=\"color: #333333\"><a style=\"color: #333333\" href=\"https:\/\/orsenigo.com\/fr\/collezione-portavivande\/\" rel=\"nofollow \"><br \/>Support alimentaire<br \/><\/a><\/span><\/div><\/div>\n<\/div><\/div>\n<\/div>\n<\/div>\t\t<\/div>\n\t\t\t\t<\/div>\n\t\t\t\t\t<\/div>\n\t\t<\/div>\n\t\t\t\t<div class=\"elementor-column elementor-col-25 elementor-inner-column elementor-element elementor-element-254a992\" data-id=\"254a992\" data-element_type=\"column\" data-settings=\"{&quot;background_background&quot;:&quot;classic&quot;}\">\n\t\t\t<div class=\"elementor-widget-wrap elementor-element-populated\">\n\t\t\t\t\t\t<div class=\"elementor-element elementor-element-1c9b898 elementor-widget__width-inherit jet-dropbar-position-bottom-left elementor-widget elementor-widget-jet-dropbar\" data-id=\"1c9b898\" data-element_type=\"widget\" data-widget_type=\"jet-dropbar.default\">\n\t\t\t\t<div class=\"elementor-widget-container\">\n\t\t\t<div class=\"elementor-jet-dropbar jet-elements\">\n<div class=\"jet-dropbar jet-dropbar--none-effect\" data-settings=\"{&quot;mode&quot;:&quot;click&quot;,&quot;hide_delay&quot;:false,&quot;ajax_template&quot;:&quot;false&quot;,&quot;template_id&quot;:false,&quot;signature&quot;:&quot;e336ac4c6da8bf9b991c9032e79ae06d&quot;}\">\n\t<div class=\"jet-dropbar__inner\">\n<button class=\"jet-dropbar__button\"><span class=\"jet-dropbar__button-text\">EXTERIEUR<\/span><span class=\"jet-elements-icon jet-dropbar__button-icon jet-dropbar__button-icon--after\"><i aria-hidden=\"true\" class=\"fas fa-caret-down\"><\/i><\/span><\/button>\n<div class=\"jet-dropbar__content-wrapper\">\n\t<div class=\"jet-dropbar__content\"><div><span style=\"color: #333333\"><a style=\"color: #333333\" href=\"https:\/\/orsenigo.com\/fr\/collezione-tavoli-outdoor\/\" rel=\"nofollow\"><br \/>Tableaux<br \/><\/a><\/span><\/div><div><span style=\"color: #333333\"><a style=\"color: #333333\" href=\"https:\/\/orsenigo.com\/fr\/collezione-sedute-outdoor\/\" rel=\"nofollow\"><br \/>Si\u00e8ges<br \/><\/a><\/span><\/div><div><span style=\"color: #333333\"><a style=\"color: #333333\" href=\"https:\/\/orsenigo.com\/fr\/collezione-tavolini-outdoor\/\" rel=\"nofollow\"><br \/>Tables basses<br \/><\/a><\/span><\/div><div><span style=\"color: #333333\"><a style=\"color: #333333\" href=\"https:\/\/orsenigo.com\/fr\/collezione-consolle-outdoor\/\" rel=\"nofollow\"><br \/>Console<br \/><\/a><\/span><\/div><\/div>\n<\/div><\/div>\n<\/div>\n<\/div>\t\t<\/div>\n\t\t\t\t<\/div>\n\t\t\t\t\t<\/div>\n\t\t<\/div>\n\t\t\t\t<div class=\"elementor-column elementor-col-25 elementor-inner-column elementor-element elementor-element-e75859b\" data-id=\"e75859b\" data-element_type=\"column\" data-settings=\"{&quot;background_background&quot;:&quot;classic&quot;}\">\n\t\t\t<div class=\"elementor-widget-wrap elementor-element-populated\">\n\t\t\t\t\t\t<div class=\"elementor-element elementor-element-dae2304 elementor-widget__width-inherit elementor-widget elementor-widget-jet-search\" data-id=\"dae2304\" data-element_type=\"widget\" data-widget_type=\"jet-search.default\">\n\t\t\t\t<div class=\"elementor-widget-container\">\n\t\t\t<div class=\"elementor-jet-search jet-blocks\"><div class=\"jet-search\"><form role=\"search\" method=\"get\" class=\"jet-search__form\" action=\"https:\/\/orsenigo.com\/fr\" data-trp-original-action=\"https:\/\/orsenigo.com\/fr\/\">\n\t<label class=\"jet-search__label\">\n\t\t<input type=\"search\" class=\"jet-search__field\" placeholder=\"Recherche ...\" value=\"\" name=\"s\" \/>\n\t<\/label>\n\t\t\t<input type=\"hidden\" name=\"trp-form-language\" value=\"fr\"\/><\/form><\/div><\/div>\t\t<\/div>\n\t\t\t\t<\/div>\n\t\t\t\t\t<\/div>\n\t\t<\/div>\n\t\t\t\t<div class=\"elementor-column elementor-col-25 elementor-inner-column elementor-element elementor-element-06e3fc7 elementor-hidden-mobile\" data-id=\"06e3fc7\" data-element_type=\"column\" data-settings=\"{&quot;background_background&quot;:&quot;classic&quot;}\">\n\t\t\t<div class=\"elementor-widget-wrap\">\n\t\t\t\t\t\t\t<\/div>\n\t\t<\/div>\n\t\t\t\t\t<\/div>\n\t\t<\/section>\n\t\t\t\t\t<\/div>\n\t\t<\/div>\n\t\t\t\t\t<\/div>\n\t\t<\/section>\n\t\t\t\t<section class=\"elementor-section elementor-top-section elementor-element elementor-element-3a046ee elementor-section-full_width elementor-section-height-default elementor-section-height-default\" data-id=\"3a046ee\" data-element_type=\"section\" data-settings=\"{&quot;background_background&quot;:&quot;classic&quot;,&quot;jet_parallax_layout_list&quot;:[]}\">\n\t\t\t\t\t\t<div class=\"elementor-container elementor-column-gap-default\">\n\t\t\t\t\t<div class=\"elementor-column elementor-col-100 elementor-top-column elementor-element elementor-element-c5eae8e maincolumngap\" data-id=\"c5eae8e\" data-element_type=\"column\">\n\t\t\t<div class=\"elementor-widget-wrap elementor-element-populated\">\n\t\t\t\t\t\t<section class=\"elementor-section elementor-inner-section elementor-element elementor-element-24483a3 elementor-section-full_width elementor-section-height-default elementor-section-height-default\" data-id=\"24483a3\" data-element_type=\"section\" data-settings=\"{&quot;jet_parallax_layout_list&quot;:[]}\">\n\t\t\t\t\t\t<div class=\"elementor-container elementor-column-gap-default\">\n\t\t\t\t\t<div class=\"elementor-column elementor-col-25 elementor-inner-column elementor-element elementor-element-177b08f border_off\" data-id=\"177b08f\" data-element_type=\"column\" data-settings=\"{&quot;background_background&quot;:&quot;classic&quot;}\">\n\t\t\t<div class=\"elementor-widget-wrap elementor-element-populated\">\n\t\t\t\t\t\t<div class=\"elementor-element elementor-element-133d784 animated-slow elementor-invisible elementor-widget elementor-widget-image\" data-id=\"133d784\" data-element_type=\"widget\" data-settings=\"{&quot;_animation&quot;:&quot;fadeIn&quot;,&quot;_animation_delay&quot;:0}\" data-widget_type=\"image.default\">\n\t\t\t\t<div class=\"elementor-widget-container\">\n\t\t\t\t\t\t\t\t\t\t\t\t\t\t<a href=\"https:\/\/orsenigo.com\/fr\/madia-grandangolo\/\">\n\t\t\t\t\t\t\t<img fetchpriority=\"high\" decoding=\"async\" width=\"2760\" height=\"2800\" src=\"https:\/\/orsenigo.com\/wp-content\/uploads\/2023\/05\/Progetto-senza-titolo.png\" class=\"attachment-full size-full wp-image-4164\" alt=\"\" srcset=\"https:\/\/orsenigo.com\/wp-content\/uploads\/2023\/05\/Progetto-senza-titolo.png 2760w, https:\/\/orsenigo.com\/wp-content\/uploads\/2023\/05\/Progetto-senza-titolo-296x300.png 296w, https:\/\/orsenigo.com\/wp-content\/uploads\/2023\/05\/Progetto-senza-titolo-1009x1024.png 1009w, https:\/\/orsenigo.com\/wp-content\/uploads\/2023\/05\/Progetto-senza-titolo-768x779.png 768w, https:\/\/orsenigo.com\/wp-content\/uploads\/2023\/05\/Progetto-senza-titolo-1514x1536.png 1514w, https:\/\/orsenigo.com\/wp-content\/uploads\/2023\/05\/Progetto-senza-titolo-2019x2048.png 2019w, https:\/\/orsenigo.com\/wp-content\/uploads\/2023\/05\/Progetto-senza-titolo-12x12.png 12w\" sizes=\"(max-width: 2760px) 100vw, 2760px\" \/>\t\t\t\t\t\t\t\t<\/a>\n\t\t\t\t\t\t\t\t\t\t\t\t\t<\/div>\n\t\t\t\t<\/div>\n\t\t\t\t<div class=\"elementor-element elementor-element-da59f19 elementor-widget elementor-widget-text-editor\" data-id=\"da59f19\" data-element_type=\"widget\" data-widget_type=\"text-editor.default\">\n\t\t\t\t<div class=\"elementor-widget-container\">\n\t\t\t\t\t\t\t<p><strong>Grandangolo<\/strong><\/p>\t\t\t\t\t\t<\/div>\n\t\t\t\t<\/div>\n\t\t\t\t<div class=\"elementor-element elementor-element-29247e8 elementor-widget elementor-widget-text-editor\" data-id=\"29247e8\" data-element_type=\"widget\" data-widget_type=\"text-editor.default\">\n\t\t\t\t<div class=\"elementor-widget-container\">\n\t\t\t\t\t\t\t<p>Conception par Studio Orsenigo<\/p>\t\t\t\t\t\t<\/div>\n\t\t\t\t<\/div>\n\t\t\t\t<div class=\"elementor-element elementor-element-6b5cb9c elementor-widget elementor-widget-text-editor\" data-id=\"6b5cb9c\" data-element_type=\"widget\" data-widget_type=\"text-editor.default\">\n\t\t\t\t<div class=\"elementor-widget-container\">\n\t\t\t\t\t\t\t<p>Structure m\u00e9tallique tubulaire avec inserts en ch\u00eane massif, plateau en verre, c\u00e9ramique ou marbre. Tiroirs avec m\u00e9canisme de fermeture en douceur.<\/p>\t\t\t\t\t\t<\/div>\n\t\t\t\t<\/div>\n\t\t\t\t\t<\/div>\n\t\t<\/div>\n\t\t\t\t<div class=\"elementor-column elementor-col-25 elementor-inner-column elementor-element elementor-element-c0b22e8 border_off\" data-id=\"c0b22e8\" data-element_type=\"column\" data-settings=\"{&quot;background_background&quot;:&quot;classic&quot;}\">\n\t\t\t<div class=\"elementor-widget-wrap elementor-element-populated\">\n\t\t\t\t\t\t<div class=\"elementor-element elementor-element-e07e154 animated-slow elementor-invisible elementor-widget elementor-widget-image\" data-id=\"e07e154\" data-element_type=\"widget\" data-settings=\"{&quot;_animation&quot;:&quot;fadeIn&quot;,&quot;_animation_delay&quot;:0}\" data-widget_type=\"image.default\">\n\t\t\t\t<div class=\"elementor-widget-container\">\n\t\t\t\t\t\t\t\t\t\t\t\t\t\t<a href=\"https:\/\/orsenigo.com\/fr\/madia-ring\/\">\n\t\t\t\t\t\t\t<img decoding=\"async\" width=\"1000\" height=\"1000\" src=\"https:\/\/orsenigo.com\/wp-content\/uploads\/2023\/07\/Progetto-senza-titolo-18.png\" class=\"attachment-full size-full wp-image-4354\" alt=\"\" srcset=\"https:\/\/orsenigo.com\/wp-content\/uploads\/2023\/07\/Progetto-senza-titolo-18.png 1000w, https:\/\/orsenigo.com\/wp-content\/uploads\/2023\/07\/Progetto-senza-titolo-18-300x300.png 300w, https:\/\/orsenigo.com\/wp-content\/uploads\/2023\/07\/Progetto-senza-titolo-18-150x150.png 150w, https:\/\/orsenigo.com\/wp-content\/uploads\/2023\/07\/Progetto-senza-titolo-18-768x768.png 768w, https:\/\/orsenigo.com\/wp-content\/uploads\/2023\/07\/Progetto-senza-titolo-18-12x12.png 12w\" sizes=\"(max-width: 1000px) 100vw, 1000px\" \/>\t\t\t\t\t\t\t\t<\/a>\n\t\t\t\t\t\t\t\t\t\t\t\t\t<\/div>\n\t\t\t\t<\/div>\n\t\t\t\t<div class=\"elementor-element elementor-element-0f216c1 elementor-widget elementor-widget-text-editor\" data-id=\"0f216c1\" data-element_type=\"widget\" data-widget_type=\"text-editor.default\">\n\t\t\t\t<div class=\"elementor-widget-container\">\n\t\t\t\t\t\t\t<p><strong>Ring<\/strong><\/p>\t\t\t\t\t\t<\/div>\n\t\t\t\t<\/div>\n\t\t\t\t<div class=\"elementor-element elementor-element-0ee380c elementor-widget elementor-widget-text-editor\" data-id=\"0ee380c\" data-element_type=\"widget\" data-widget_type=\"text-editor.default\">\n\t\t\t\t<div class=\"elementor-widget-container\">\n\t\t\t\t\t\t\t<div class=\"elementor-element elementor-element-ff150b0 elementor-widget elementor-widget-text-editor\" data-id=\"ff150b0\" data-element_type=\"widget\" data-widget_type=\"text-editor.default\"><div class=\"elementor-widget-container\"><p>Conception par Mauro Lipparini<\/p><\/div><\/div>\t\t\t\t\t\t<\/div>\n\t\t\t\t<\/div>\n\t\t\t\t<div class=\"elementor-element elementor-element-a532d5b elementor-widget elementor-widget-text-editor\" data-id=\"a532d5b\" data-element_type=\"widget\" data-widget_type=\"text-editor.default\">\n\t\t\t\t<div class=\"elementor-widget-container\">\n\t\t\t\t\t\t\t<p>Structure m\u00e9tallique, unit\u00e9 de rangement en MDF laqu\u00e9 mat ou tiroirs d'essence avec m\u00e9canisme de fermeture souple.<\/p>\t\t\t\t\t\t<\/div>\n\t\t\t\t<\/div>\n\t\t\t\t\t<\/div>\n\t\t<\/div>\n\t\t\t\t<div class=\"elementor-column elementor-col-25 elementor-inner-column elementor-element elementor-element-ca1adba\" data-id=\"ca1adba\" data-element_type=\"column\" data-settings=\"{&quot;background_background&quot;:&quot;classic&quot;}\">\n\t\t\t<div class=\"elementor-widget-wrap\">\n\t\t\t\t\t\t\t<\/div>\n\t\t<\/div>\n\t\t\t\t<div class=\"elementor-column elementor-col-25 elementor-inner-column elementor-element elementor-element-6011d97\" data-id=\"6011d97\" data-element_type=\"column\" data-settings=\"{&quot;background_background&quot;:&quot;classic&quot;}\">\n\t\t\t<div class=\"elementor-widget-wrap\">\n\t\t\t\t\t\t\t<\/div>\n\t\t<\/div>\n\t\t\t\t\t<\/div>\n\t\t<\/section>\n\t\t\t\t\t<\/div>\n\t\t<\/div>\n\t\t\t\t\t<\/div>\n\t\t<\/section>\n\t\t\t\t<\/div>","protected":false},"excerpt":{"rendered":"<p>Les buffets au design unique allient fonctionnalit\u00e9 et esth\u00e9tique. Fabriqu\u00e9es avec le souci du d\u00e9tail, elles offrent des solutions de rangement sophistiqu\u00e9es et ajoutent de l'\u00e9l\u00e9gance \u00e0 la salle \u00e0 manger. INDOOR TablesSi\u00e8gesBanquettesMade-upConsoles\u00c9cransMiroirsPorte-v\u00eatementsPorte-objets OUTDOOR TablesSi\u00e8gesBanquettesConsoles Grandangolo Design by Studio Orsenigo Structure tubulaire en m\u00e9tal avec inserts en ch\u00eane massif, plateaux en verre, c\u00e9ramique ou marbre. Tiroirs avec m\u00e9canisme de fermeture en douceur. Anneau ...<\/p>\n<p class=\"read-more\"> <a class=\"\" href=\"https:\/\/orsenigo.com\/fr\/collezione-madie\"> <span class=\"screen-reader-text\">Collection - Buffets<\/span> Lire la suite \"<\/a><\/p>","protected":false},"author":1,"featured_media":0,"parent":0,"menu_order":0,"comment_status":"closed","ping_status":"closed","template":"","meta":{"site-sidebar-layout":"no-sidebar","site-content-layout":"page-builder","ast-main-header-display":"","ast-hfb-above-header-display":"","ast-hfb-below-header-display":"","ast-hfb-mobile-header-display":"","site-post-title":"disabled","ast-breadcrumbs-content":"","ast-featured-img":"disabled","footer-sml-layout":"","theme-transparent-header-meta":"enabled","adv-header-id-meta":"","stick-header-meta":"","header-above-stick-meta":"","header-main-stick-meta":"","header-below-stick-meta":"","footnotes":""},"class_list":["post-6688","page","type-page","status-publish","hentry"],"aioseo_notices":[],"jetpack_sharing_enabled":true,"_links":{"self":[{"href":"https:\/\/orsenigo.com\/fr\/wp-json\/wp\/v2\/pages\/6688","targetHints":{"allow":["GET"]}}],"collection":[{"href":"https:\/\/orsenigo.com\/fr\/wp-json\/wp\/v2\/pages"}],"about":[{"href":"https:\/\/orsenigo.com\/fr\/wp-json\/wp\/v2\/types\/page"}],"author":[{"embeddable":true,"href":"https:\/\/orsenigo.com\/fr\/wp-json\/wp\/v2\/users\/1"}],"replies":[{"embeddable":true,"href":"https:\/\/orsenigo.com\/fr\/wp-json\/wp\/v2\/comments?post=6688"}],"version-history":[{"count":5,"href":"https:\/\/orsenigo.com\/fr\/wp-json\/wp\/v2\/pages\/6688\/revisions"}],"predecessor-version":[{"id":7226,"href":"https:\/\/orsenigo.com\/fr\/wp-json\/wp\/v2\/pages\/6688\/revisions\/7226"}],"wp:attachment":[{"href":"https:\/\/orsenigo.com\/fr\/wp-json\/wp\/v2\/media?parent=6688"}],"curies":[{"name":"wp","href":"https:\/\/api.w.org\/{rel}","templated":true}]}}