{"id":6871,"date":"2023-11-29T16:47:39","date_gmt":"2023-11-29T16:47:39","guid":{"rendered":"https:\/\/orsenigo.com\/?page_id=6871"},"modified":"2023-11-30T14:35:34","modified_gmt":"2023-11-30T14:35:34","slug":"collezione-tavoli-outdoor","status":"publish","type":"page","link":"https:\/\/orsenigo.com\/es\/collezione-tavoli-outdoor","title":{"rendered":"Colecci\u00f3n - Mesas de exterior"},"content":{"rendered":"<div data-elementor-type=\"wp-post\" data-elementor-id=\"6871\" class=\"elementor elementor-6871\">\n\t\t\t\t\t\t<section class=\"elementor-section elementor-top-section elementor-element elementor-element-7ac9ca5 elementor-section-boxed elementor-section-height-default elementor-section-height-default\" data-id=\"7ac9ca5\" data-element_type=\"section\" data-settings=\"{&quot;background_background&quot;:&quot;classic&quot;,&quot;jet_parallax_layout_list&quot;:[]}\">\n\t\t\t\t\t\t\t<div class=\"elementor-background-overlay\"><\/div>\n\t\t\t\t\t\t\t<div class=\"elementor-container elementor-column-gap-default\">\n\t\t\t\t\t<div class=\"elementor-column elementor-col-100 elementor-top-column elementor-element elementor-element-cf7f5a8\" data-id=\"cf7f5a8\" data-element_type=\"column\">\n\t\t\t<div class=\"elementor-widget-wrap elementor-element-populated\">\n\t\t\t\t\t\t<div class=\"elementor-element elementor-element-0ff87ed elementor-widget elementor-widget-heading\" data-id=\"0ff87ed\" data-element_type=\"widget\" data-widget_type=\"heading.default\">\n\t\t\t\t<div class=\"elementor-widget-container\">\n\t\t\t<h2 class=\"elementor-heading-title elementor-size-default\">tablas<\/h2>\t\t<\/div>\n\t\t\t\t<\/div>\n\t\t\t\t\t<\/div>\n\t\t<\/div>\n\t\t\t\t\t<\/div>\n\t\t<\/section>\n\t\t\t\t<section class=\"elementor-section elementor-top-section elementor-element elementor-element-9e0edf4 elementor-section-full_width elementor-section-height-default elementor-section-height-default\" data-id=\"9e0edf4\" data-element_type=\"section\" data-settings=\"{&quot;background_background&quot;:&quot;classic&quot;,&quot;jet_parallax_layout_list&quot;:[]}\">\n\t\t\t\t\t\t<div class=\"elementor-container elementor-column-gap-default\">\n\t\t\t\t\t<div class=\"elementor-column elementor-col-100 elementor-top-column elementor-element elementor-element-eee0896\" data-id=\"eee0896\" data-element_type=\"column\">\n\t\t\t<div class=\"elementor-widget-wrap elementor-element-populated\">\n\t\t\t\t\t\t<div class=\"elementor-element elementor-element-079b266 elementor-widget elementor-widget-text-editor\" data-id=\"079b266\" data-element_type=\"widget\" data-widget_type=\"text-editor.default\">\n\t\t\t\t<div class=\"elementor-widget-container\">\n\t\t\t\t\t\t\t<p><strong>Tablas <\/strong>moderno con un dise\u00f1o italiano \u00fanico e inconfundible para la cocina, el sal\u00f3n, el comedor y los espacios p\u00fablicos.<\/p>\t\t\t\t\t\t<\/div>\n\t\t\t\t<\/div>\n\t\t\t\t<section class=\"elementor-section elementor-inner-section elementor-element elementor-element-9d64748 elementor-section-full_width elementor-section-height-default elementor-section-height-default\" data-id=\"9d64748\" data-element_type=\"section\" data-settings=\"{&quot;jet_parallax_layout_list&quot;:[]}\">\n\t\t\t\t\t\t<div class=\"elementor-container elementor-column-gap-custom\">\n\t\t\t\t\t<div class=\"elementor-column elementor-col-25 elementor-inner-column elementor-element elementor-element-e00f4db\" data-id=\"e00f4db\" data-element_type=\"column\" data-settings=\"{&quot;background_background&quot;:&quot;classic&quot;}\">\n\t\t\t<div class=\"elementor-widget-wrap elementor-element-populated\">\n\t\t\t\t\t\t<div class=\"elementor-element elementor-element-b2ed496 elementor-widget__width-inherit elementor-widget-mobile__width-inherit jet-dropbar-position-bottom-left elementor-widget elementor-widget-jet-dropbar\" data-id=\"b2ed496\" data-element_type=\"widget\" data-widget_type=\"jet-dropbar.default\">\n\t\t\t\t<div class=\"elementor-widget-container\">\n\t\t\t<div class=\"elementor-jet-dropbar jet-elements\">\n<div class=\"jet-dropbar jet-dropbar--none-effect\" data-settings=\"{&quot;mode&quot;:&quot;click&quot;,&quot;hide_delay&quot;:false,&quot;ajax_template&quot;:&quot;false&quot;,&quot;template_id&quot;:false,&quot;signature&quot;:&quot;e336ac4c6da8bf9b991c9032e79ae06d&quot;}\">\n\t<div class=\"jet-dropbar__inner\">\n<button class=\"jet-dropbar__button\"><span class=\"jet-dropbar__button-text\">INTERIOR<\/span><span class=\"jet-elements-icon jet-dropbar__button-icon jet-dropbar__button-icon--after\"><i aria-hidden=\"true\" class=\"fas fa-caret-down\"><\/i><\/span><\/button>\n<div class=\"jet-dropbar__content-wrapper\">\n\t<div class=\"jet-dropbar__content\"><div><span style=\"color: #333333\"><a style=\"color: #333333\" href=\"https:\/\/orsenigo.com\/es\/collezione-tavoli\/\" rel=\"nofollow\"><br \/>Tablas<br \/><\/a><\/span><\/div><div><span style=\"color: #333333\"><a style=\"color: #333333\" href=\"https:\/\/orsenigo.com\/es\/collezione-sedute\/\" rel=\"nofollow\"><br \/>Asientos<br \/><\/a><\/span><\/div><div><span style=\"color: #333333\"><a style=\"color: #333333\" href=\"https:\/\/orsenigo.com\/es\/collezione-tavolini\/\" rel=\"nofollow\"><br \/>Mesas de centro<br \/><\/a><\/span><\/div><div><span style=\"color: #333333\"><a style=\"color: #333333\" href=\"https:\/\/orsenigo.com\/es\/collezione-librerie\/\" rel=\"nofollow\"><br \/>Librer\u00edas<br \/><\/a><\/span><\/div><div><span style=\"color: #333333\"><a style=\"color: #333333\" href=\"https:\/\/orsenigo.com\/es\/collezione-madie\/\" rel=\"nofollow\"><br \/>Madie<br \/><\/a><\/span><\/div><div><span style=\"color: #333333\"><a style=\"color: #333333\" href=\"https:\/\/orsenigo.com\/es\/collezione-consolle\/\" rel=\"nofollow\"><br \/>Consola<br \/><\/a><\/span><\/div><div><span style=\"color: #333333\"><a style=\"color: #333333\" href=\"https:\/\/orsenigo.com\/es\/collezione-scrivanie\/\" rel=\"nofollow\"><br \/>Escritorios<br \/><\/a><\/span><\/div><div><span style=\"color: #333333\"><a style=\"color: #333333\" href=\"https:\/\/orsenigo.com\/es\/collezione-specchi\/\" rel=\"nofollow\"><br \/>Espejos<br \/><\/a><\/span><\/div><div><span style=\"color: #333333\"><a style=\"color: #333333\" href=\"https:\/\/orsenigo.com\/es\/collezione-porta-abiti\/\" rel=\"nofollow\"><br \/>Perchero<br \/><\/a><\/span><\/div><div><span style=\"color: #333333\"><a style=\"color: #333333\" href=\"https:\/\/orsenigo.com\/es\/collezione-portavivande\/\" rel=\"nofollow \"><br \/>Transportista de alimentos<br \/><\/a><\/span><\/div><\/div>\n<\/div><\/div>\n<\/div>\n<\/div>\t\t<\/div>\n\t\t\t\t<\/div>\n\t\t\t\t\t<\/div>\n\t\t<\/div>\n\t\t\t\t<div class=\"elementor-column elementor-col-25 elementor-inner-column elementor-element elementor-element-3149941\" data-id=\"3149941\" data-element_type=\"column\" data-settings=\"{&quot;background_background&quot;:&quot;classic&quot;}\">\n\t\t\t<div class=\"elementor-widget-wrap elementor-element-populated\">\n\t\t\t\t\t\t<div class=\"elementor-element elementor-element-556ba1a elementor-widget__width-inherit jet-dropbar-position-bottom-left elementor-widget elementor-widget-jet-dropbar\" data-id=\"556ba1a\" data-element_type=\"widget\" data-widget_type=\"jet-dropbar.default\">\n\t\t\t\t<div class=\"elementor-widget-container\">\n\t\t\t<div class=\"elementor-jet-dropbar jet-elements\">\n<div class=\"jet-dropbar jet-dropbar--none-effect\" data-settings=\"{&quot;mode&quot;:&quot;click&quot;,&quot;hide_delay&quot;:false,&quot;ajax_template&quot;:&quot;false&quot;,&quot;template_id&quot;:false,&quot;signature&quot;:&quot;e336ac4c6da8bf9b991c9032e79ae06d&quot;}\">\n\t<div class=\"jet-dropbar__inner\">\n<button class=\"jet-dropbar__button\"><span class=\"jet-dropbar__button-text\">OUTDOOR<\/span><span class=\"jet-elements-icon jet-dropbar__button-icon jet-dropbar__button-icon--after\"><i aria-hidden=\"true\" class=\"fas fa-caret-down\"><\/i><\/span><\/button>\n<div class=\"jet-dropbar__content-wrapper\">\n\t<div class=\"jet-dropbar__content\"><div><span style=\"color: #333333\"><a style=\"color: #333333\" href=\"https:\/\/orsenigo.com\/es\/collezione-tavoli-outdoor\/\" rel=\"nofollow\"><br \/>Tablas<br \/><\/a><\/span><\/div><div><span style=\"color: #333333\"><a style=\"color: #333333\" href=\"https:\/\/orsenigo.com\/es\/collezione-sedute-outdoor\/\" rel=\"nofollow\"><br \/>Asientos<br \/><\/a><\/span><\/div><div><span style=\"color: #333333\"><a style=\"color: #333333\" href=\"https:\/\/orsenigo.com\/es\/collezione-tavolini-outdoor\/\" rel=\"nofollow\"><br \/>Mesas de centro<br \/><\/a><\/span><\/div><div><span style=\"color: #333333\"><a style=\"color: #333333\" href=\"https:\/\/orsenigo.com\/es\/collezione-consolle-outdoor\/\" rel=\"nofollow\"><br \/>Consola<br \/><\/a><\/span><\/div><\/div>\n<\/div><\/div>\n<\/div>\n<\/div>\t\t<\/div>\n\t\t\t\t<\/div>\n\t\t\t\t\t<\/div>\n\t\t<\/div>\n\t\t\t\t<div class=\"elementor-column elementor-col-25 elementor-inner-column elementor-element elementor-element-e060f10\" data-id=\"e060f10\" data-element_type=\"column\" data-settings=\"{&quot;background_background&quot;:&quot;classic&quot;}\">\n\t\t\t<div class=\"elementor-widget-wrap elementor-element-populated\">\n\t\t\t\t\t\t<div class=\"elementor-element elementor-element-60c859a elementor-widget__width-inherit elementor-widget elementor-widget-jet-search\" data-id=\"60c859a\" data-element_type=\"widget\" data-widget_type=\"jet-search.default\">\n\t\t\t\t<div class=\"elementor-widget-container\">\n\t\t\t<div class=\"elementor-jet-search jet-blocks\"><div class=\"jet-search\"><form role=\"search\" method=\"get\" class=\"jet-search__form\" action=\"https:\/\/orsenigo.com\/es\" data-trp-original-action=\"https:\/\/orsenigo.com\/es\/\">\n\t<label class=\"jet-search__label\">\n\t\t<input type=\"search\" class=\"jet-search__field\" placeholder=\"Buscar ...\" value=\"\" name=\"s\" \/>\n\t<\/label>\n\t\t\t<input type=\"hidden\" name=\"trp-form-language\" value=\"es\"\/><\/form><\/div><\/div>\t\t<\/div>\n\t\t\t\t<\/div>\n\t\t\t\t\t<\/div>\n\t\t<\/div>\n\t\t\t\t<div class=\"elementor-column elementor-col-25 elementor-inner-column elementor-element elementor-element-01757d0 elementor-hidden-mobile\" data-id=\"01757d0\" data-element_type=\"column\" data-settings=\"{&quot;background_background&quot;:&quot;classic&quot;}\">\n\t\t\t<div class=\"elementor-widget-wrap\">\n\t\t\t\t\t\t\t<\/div>\n\t\t<\/div>\n\t\t\t\t\t<\/div>\n\t\t<\/section>\n\t\t\t\t\t<\/div>\n\t\t<\/div>\n\t\t\t\t\t<\/div>\n\t\t<\/section>\n\t\t\t\t<section class=\"elementor-section elementor-top-section elementor-element elementor-element-3a046ee elementor-section-full_width elementor-section-height-default elementor-section-height-default\" data-id=\"3a046ee\" data-element_type=\"section\" data-settings=\"{&quot;background_background&quot;:&quot;classic&quot;,&quot;jet_parallax_layout_list&quot;:[]}\">\n\t\t\t\t\t\t<div class=\"elementor-container elementor-column-gap-default\">\n\t\t\t\t\t<div class=\"elementor-column elementor-col-100 elementor-top-column elementor-element elementor-element-c5eae8e maincolumngap\" data-id=\"c5eae8e\" data-element_type=\"column\">\n\t\t\t<div class=\"elementor-widget-wrap elementor-element-populated\">\n\t\t\t\t\t\t<section class=\"elementor-section elementor-inner-section elementor-element elementor-element-24483a3 elementor-section-full_width elementor-section-height-default elementor-section-height-default\" data-id=\"24483a3\" data-element_type=\"section\" data-settings=\"{&quot;jet_parallax_layout_list&quot;:[]}\">\n\t\t\t\t\t\t<div class=\"elementor-container elementor-column-gap-default\">\n\t\t\t\t\t<div class=\"elementor-column elementor-col-25 elementor-inner-column elementor-element elementor-element-177b08f border_off\" data-id=\"177b08f\" data-element_type=\"column\" data-settings=\"{&quot;background_background&quot;:&quot;classic&quot;}\">\n\t\t\t<div class=\"elementor-widget-wrap elementor-element-populated\">\n\t\t\t\t\t\t<div class=\"elementor-element elementor-element-133d784 animated-slow elementor-invisible elementor-widget elementor-widget-image\" data-id=\"133d784\" data-element_type=\"widget\" data-settings=\"{&quot;_animation&quot;:&quot;fadeIn&quot;,&quot;_animation_delay&quot;:0}\" data-widget_type=\"image.default\">\n\t\t\t\t<div class=\"elementor-widget-container\">\n\t\t\t\t\t\t\t\t\t\t\t\t\t\t<a href=\"https:\/\/orsenigo.com\/es\/tavoli-intrigo\/\">\n\t\t\t\t\t\t\t<img fetchpriority=\"high\" decoding=\"async\" width=\"1380\" height=\"1400\" src=\"https:\/\/orsenigo.com\/wp-content\/uploads\/2022\/05\/PC9.jpg\" class=\"attachment-full size-full wp-image-2512\" alt=\"\" srcset=\"https:\/\/orsenigo.com\/wp-content\/uploads\/2022\/05\/PC9.jpg 1380w, https:\/\/orsenigo.com\/wp-content\/uploads\/2022\/05\/PC9-296x300.jpg 296w, https:\/\/orsenigo.com\/wp-content\/uploads\/2022\/05\/PC9-1009x1024.jpg 1009w, https:\/\/orsenigo.com\/wp-content\/uploads\/2022\/05\/PC9-768x779.jpg 768w\" sizes=\"(max-width: 1380px) 100vw, 1380px\" \/>\t\t\t\t\t\t\t\t<\/a>\n\t\t\t\t\t\t\t\t\t\t\t\t\t<\/div>\n\t\t\t\t<\/div>\n\t\t\t\t<div class=\"elementor-element elementor-element-da59f19 elementor-widget elementor-widget-text-editor\" data-id=\"da59f19\" data-element_type=\"widget\" data-widget_type=\"text-editor.default\">\n\t\t\t\t<div class=\"elementor-widget-container\">\n\t\t\t\t\t\t\t<p><strong>Intrigo<\/strong><\/p>\t\t\t\t\t\t<\/div>\n\t\t\t\t<\/div>\n\t\t\t\t<div class=\"elementor-element elementor-element-29247e8 elementor-widget elementor-widget-text-editor\" data-id=\"29247e8\" data-element_type=\"widget\" data-widget_type=\"text-editor.default\">\n\t\t\t\t<div class=\"elementor-widget-container\">\n\t\t\t\t\t\t\t<p>Dise\u00f1o de Giovanna Azzarello<\/p>\t\t\t\t\t\t<\/div>\n\t\t\t\t<\/div>\n\t\t\t\t<div class=\"elementor-element elementor-element-6b5cb9c elementor-widget elementor-widget-text-editor\" data-id=\"6b5cb9c\" data-element_type=\"widget\" data-widget_type=\"text-editor.default\">\n\t\t\t\t<div class=\"elementor-widget-container\">\n\t\t\t\t\t\t\t<p><span style=\"text-align: center;\">Armaz\u00f3n de metal tubular combinable en dos colores, tapa rectangular con lados curvados de cristal templado o cer\u00e1mica sobre soporte de MDF lacado (tambi\u00e9n disponible para exterior)<\/span><br><\/p>\t\t\t\t\t\t<\/div>\n\t\t\t\t<\/div>\n\t\t\t\t\t<\/div>\n\t\t<\/div>\n\t\t\t\t<div class=\"elementor-column elementor-col-25 elementor-inner-column elementor-element elementor-element-c0b22e8 border_off\" data-id=\"c0b22e8\" data-element_type=\"column\" data-settings=\"{&quot;background_background&quot;:&quot;classic&quot;}\">\n\t\t\t<div class=\"elementor-widget-wrap elementor-element-populated\">\n\t\t\t\t\t\t<div class=\"elementor-element elementor-element-e07e154 animated-slow elementor-invisible elementor-widget elementor-widget-image\" data-id=\"e07e154\" data-element_type=\"widget\" data-settings=\"{&quot;_animation&quot;:&quot;fadeIn&quot;,&quot;_animation_delay&quot;:0}\" data-widget_type=\"image.default\">\n\t\t\t\t<div class=\"elementor-widget-container\">\n\t\t\t\t\t\t\t\t\t\t\t\t\t\t<a href=\"https:\/\/orsenigo.com\/es\/tavoli-air\/\">\n\t\t\t\t\t\t\t<img decoding=\"async\" width=\"1380\" height=\"1400\" src=\"https:\/\/orsenigo.com\/wp-content\/uploads\/2022\/05\/PC10.jpg\" class=\"attachment-full size-full wp-image-2513\" alt=\"\" srcset=\"https:\/\/orsenigo.com\/wp-content\/uploads\/2022\/05\/PC10.jpg 1380w, https:\/\/orsenigo.com\/wp-content\/uploads\/2022\/05\/PC10-296x300.jpg 296w, https:\/\/orsenigo.com\/wp-content\/uploads\/2022\/05\/PC10-1009x1024.jpg 1009w, https:\/\/orsenigo.com\/wp-content\/uploads\/2022\/05\/PC10-768x779.jpg 768w\" sizes=\"(max-width: 1380px) 100vw, 1380px\" \/>\t\t\t\t\t\t\t\t<\/a>\n\t\t\t\t\t\t\t\t\t\t\t\t\t<\/div>\n\t\t\t\t<\/div>\n\t\t\t\t<div class=\"elementor-element elementor-element-0f216c1 elementor-widget elementor-widget-text-editor\" data-id=\"0f216c1\" data-element_type=\"widget\" data-widget_type=\"text-editor.default\">\n\t\t\t\t<div class=\"elementor-widget-container\">\n\t\t\t\t\t\t\t<p><strong>Air<\/strong><\/p>\t\t\t\t\t\t<\/div>\n\t\t\t\t<\/div>\n\t\t\t\t<div class=\"elementor-element elementor-element-0ee380c elementor-widget elementor-widget-text-editor\" data-id=\"0ee380c\" data-element_type=\"widget\" data-widget_type=\"text-editor.default\">\n\t\t\t\t<div class=\"elementor-widget-container\">\n\t\t\t\t\t\t\t<div class=\"elementor-element elementor-element-ff150b0 elementor-widget elementor-widget-text-editor\" data-id=\"ff150b0\" data-element_type=\"widget\" data-widget_type=\"text-editor.default\"><div class=\"elementor-widget-container\"><p>Dise\u00f1o de Tonetti Design<\/p><\/div><\/div>\t\t\t\t\t\t<\/div>\n\t\t\t\t<\/div>\n\t\t\t\t<div class=\"elementor-element elementor-element-a532d5b elementor-widget elementor-widget-text-editor\" data-id=\"a532d5b\" data-element_type=\"widget\" data-widget_type=\"text-editor.default\">\n\t\t\t\t<div class=\"elementor-widget-container\">\n\t\t\t\t\t\t\t<p>Armaz\u00f3n de metal tubular curvado, tapa de cristal templado o cer\u00e1mica sobre soporte de MDF lacado (tambi\u00e9n disponible para uso exterior)<\/p>\t\t\t\t\t\t<\/div>\n\t\t\t\t<\/div>\n\t\t\t\t\t<\/div>\n\t\t<\/div>\n\t\t\t\t<div class=\"elementor-column elementor-col-25 elementor-inner-column elementor-element elementor-element-dc7148e border_off\" data-id=\"dc7148e\" data-element_type=\"column\" data-settings=\"{&quot;background_background&quot;:&quot;classic&quot;}\">\n\t\t\t<div class=\"elementor-widget-wrap elementor-element-populated\">\n\t\t\t\t\t\t<div class=\"elementor-element elementor-element-e8a2942 animated-slow elementor-invisible elementor-widget elementor-widget-image\" data-id=\"e8a2942\" data-element_type=\"widget\" data-settings=\"{&quot;_animation&quot;:&quot;fadeIn&quot;,&quot;_animation_delay&quot;:0}\" data-widget_type=\"image.default\">\n\t\t\t\t<div class=\"elementor-widget-container\">\n\t\t\t\t\t\t\t\t\t\t\t\t\t\t<a href=\"https:\/\/orsenigo.com\/es\/tavoli-spider\/\">\n\t\t\t\t\t\t\t<img decoding=\"async\" width=\"1380\" height=\"1400\" src=\"https:\/\/orsenigo.com\/wp-content\/uploads\/2022\/05\/PC1.jpg\" class=\"attachment-full size-full wp-image-2504\" alt=\"\" srcset=\"https:\/\/orsenigo.com\/wp-content\/uploads\/2022\/05\/PC1.jpg 1380w, https:\/\/orsenigo.com\/wp-content\/uploads\/2022\/05\/PC1-296x300.jpg 296w, https:\/\/orsenigo.com\/wp-content\/uploads\/2022\/05\/PC1-1009x1024.jpg 1009w, https:\/\/orsenigo.com\/wp-content\/uploads\/2022\/05\/PC1-768x779.jpg 768w\" sizes=\"(max-width: 1380px) 100vw, 1380px\" \/>\t\t\t\t\t\t\t\t<\/a>\n\t\t\t\t\t\t\t\t\t\t\t\t\t<\/div>\n\t\t\t\t<\/div>\n\t\t\t\t<div class=\"elementor-element elementor-element-438cf9a elementor-widget elementor-widget-text-editor\" data-id=\"438cf9a\" data-element_type=\"widget\" data-widget_type=\"text-editor.default\">\n\t\t\t\t<div class=\"elementor-widget-container\">\n\t\t\t\t\t\t\t<p><strong>Spider<\/strong><\/p>\t\t\t\t\t\t<\/div>\n\t\t\t\t<\/div>\n\t\t\t\t<div class=\"elementor-element elementor-element-13cdc2f elementor-widget elementor-widget-text-editor\" data-id=\"13cdc2f\" data-element_type=\"widget\" data-widget_type=\"text-editor.default\">\n\t\t\t\t<div class=\"elementor-widget-container\">\n\t\t\t\t\t\t\t<p>Dise\u00f1o de Umberto Asnago<\/p>\t\t\t\t\t\t<\/div>\n\t\t\t\t<\/div>\n\t\t\t\t<div class=\"elementor-element elementor-element-37f978b elementor-widget elementor-widget-text-editor\" data-id=\"37f978b\" data-element_type=\"widget\" data-widget_type=\"text-editor.default\">\n\t\t\t\t<div class=\"elementor-widget-container\">\n\t\t\t\t\t\t\t<p>Armaz\u00f3n de metal macizo curvado, tapa de cristal templado o cer\u00e1mica (tambi\u00e9n disponible para uso exterior)<\/p>\t\t\t\t\t\t<\/div>\n\t\t\t\t<\/div>\n\t\t\t\t\t<\/div>\n\t\t<\/div>\n\t\t\t\t<div class=\"elementor-column elementor-col-25 elementor-inner-column elementor-element elementor-element-c8422d5 border_off\" data-id=\"c8422d5\" data-element_type=\"column\" data-settings=\"{&quot;background_background&quot;:&quot;classic&quot;}\">\n\t\t\t<div class=\"elementor-widget-wrap elementor-element-populated\">\n\t\t\t\t\t\t<div class=\"elementor-element elementor-element-d29344d animated-slow elementor-invisible elementor-widget elementor-widget-image\" data-id=\"d29344d\" data-element_type=\"widget\" data-settings=\"{&quot;_animation&quot;:&quot;fadeIn&quot;,&quot;_animation_delay&quot;:0}\" data-widget_type=\"image.default\">\n\t\t\t\t<div class=\"elementor-widget-container\">\n\t\t\t\t\t\t\t\t\t\t\t\t\t\t<a href=\"https:\/\/orsenigo.com\/es\/tavoli-grandangolo\/\">\n\t\t\t\t\t\t\t<img loading=\"lazy\" decoding=\"async\" width=\"1380\" height=\"1400\" src=\"https:\/\/orsenigo.com\/wp-content\/uploads\/2022\/05\/PC4.jpg\" class=\"attachment-full size-full wp-image-2507\" alt=\"\" srcset=\"https:\/\/orsenigo.com\/wp-content\/uploads\/2022\/05\/PC4.jpg 1380w, https:\/\/orsenigo.com\/wp-content\/uploads\/2022\/05\/PC4-296x300.jpg 296w, https:\/\/orsenigo.com\/wp-content\/uploads\/2022\/05\/PC4-1009x1024.jpg 1009w, https:\/\/orsenigo.com\/wp-content\/uploads\/2022\/05\/PC4-768x779.jpg 768w\" sizes=\"(max-width: 1380px) 100vw, 1380px\" \/>\t\t\t\t\t\t\t\t<\/a>\n\t\t\t\t\t\t\t\t\t\t\t\t\t<\/div>\n\t\t\t\t<\/div>\n\t\t\t\t<div class=\"elementor-element elementor-element-e41b81e elementor-widget elementor-widget-text-editor\" data-id=\"e41b81e\" data-element_type=\"widget\" data-widget_type=\"text-editor.default\">\n\t\t\t\t<div class=\"elementor-widget-container\">\n\t\t\t\t\t\t\t<p><strong>Grandangolo<\/strong><\/p>\t\t\t\t\t\t<\/div>\n\t\t\t\t<\/div>\n\t\t\t\t<div class=\"elementor-element elementor-element-5db4350 elementor-widget elementor-widget-text-editor\" data-id=\"5db4350\" data-element_type=\"widget\" data-widget_type=\"text-editor.default\">\n\t\t\t\t<div class=\"elementor-widget-container\">\n\t\t\t\t\t\t\t<p>Dise\u00f1o de Studio Orsenigo<\/p>\t\t\t\t\t\t<\/div>\n\t\t\t\t<\/div>\n\t\t\t\t<div class=\"elementor-element elementor-element-b4360de elementor-widget elementor-widget-text-editor\" data-id=\"b4360de\" data-element_type=\"widget\" data-widget_type=\"text-editor.default\">\n\t\t\t\t<div class=\"elementor-widget-container\">\n\t\t\t\t\t\t\t<p>Estructura de metal tubular con inserciones de roble macizo, tapa de cristal templado o cer\u00e1mica (tambi\u00e9n disponible para uso exterior)<\/p>\t\t\t\t\t\t<\/div>\n\t\t\t\t<\/div>\n\t\t\t\t\t<\/div>\n\t\t<\/div>\n\t\t\t\t\t<\/div>\n\t\t<\/section>\n\t\t\t\t\t<\/div>\n\t\t<\/div>\n\t\t\t\t\t<\/div>\n\t\t<\/section>\n\t\t\t\t<\/div>","protected":false},"excerpt":{"rendered":"<p>mesas Mesas modernas con un dise\u00f1o italiano \u00fanico para la cocina, el sal\u00f3n, el comedor y los espacios p\u00fablicos. MESAS DE INTERIORAsientosMesas auxiliaresMade-upConsolasPantallasEspejosPercherosConsolas OUTDOOR MesasAsientosMesas auxiliaresConsolas Intrigo Design by Giovanna Azzarello Estructura met\u00e1lica tubular combinable en dos colores, tablero rectangular con laterales curvados en cristal templado o cer\u00e1mica sobre soporte cer\u00e1mico.<\/p>\n<p class=\"read-more\"> <a class=\"\" href=\"https:\/\/orsenigo.com\/es\/collezione-tavoli-outdoor\"> <span class=\"screen-reader-text\">Colecci\u00f3n - Mesas de exterior<\/span> Leer m\u00e1s \"<\/a><\/p>","protected":false},"author":1,"featured_media":0,"parent":0,"menu_order":0,"comment_status":"closed","ping_status":"closed","template":"","meta":{"site-sidebar-layout":"no-sidebar","site-content-layout":"page-builder","ast-main-header-display":"","ast-hfb-above-header-display":"","ast-hfb-below-header-display":"","ast-hfb-mobile-header-display":"","site-post-title":"disabled","ast-breadcrumbs-content":"","ast-featured-img":"disabled","footer-sml-layout":"","theme-transparent-header-meta":"enabled","adv-header-id-meta":"","stick-header-meta":"","header-above-stick-meta":"","header-main-stick-meta":"","header-below-stick-meta":"","footnotes":""},"class_list":["post-6871","page","type-page","status-publish","hentry"],"aioseo_notices":[],"jetpack_sharing_enabled":true,"_links":{"self":[{"href":"https:\/\/orsenigo.com\/es\/wp-json\/wp\/v2\/pages\/6871","targetHints":{"allow":["GET"]}}],"collection":[{"href":"https:\/\/orsenigo.com\/es\/wp-json\/wp\/v2\/pages"}],"about":[{"href":"https:\/\/orsenigo.com\/es\/wp-json\/wp\/v2\/types\/page"}],"author":[{"embeddable":true,"href":"https:\/\/orsenigo.com\/es\/wp-json\/wp\/v2\/users\/1"}],"replies":[{"embeddable":true,"href":"https:\/\/orsenigo.com\/es\/wp-json\/wp\/v2\/comments?post=6871"}],"version-history":[{"count":5,"href":"https:\/\/orsenigo.com\/es\/wp-json\/wp\/v2\/pages\/6871\/revisions"}],"predecessor-version":[{"id":7250,"href":"https:\/\/orsenigo.com\/es\/wp-json\/wp\/v2\/pages\/6871\/revisions\/7250"}],"wp:attachment":[{"href":"https:\/\/orsenigo.com\/es\/wp-json\/wp\/v2\/media?parent=6871"}],"curies":[{"name":"wp","href":"https:\/\/api.w.org\/{rel}","templated":true}]}}