{"id":6703,"date":"2023-11-29T15:25:14","date_gmt":"2023-11-29T15:25:14","guid":{"rendered":"https:\/\/orsenigo.com\/?page_id=6703"},"modified":"2023-11-30T14:35:09","modified_gmt":"2023-11-30T14:35:09","slug":"collezione-specchi","status":"publish","type":"page","link":"https:\/\/orsenigo.com\/es\/collezione-specchi","title":{"rendered":"Colecci\u00f3n - Espejos"},"content":{"rendered":"<div data-elementor-type=\"wp-post\" data-elementor-id=\"6703\" class=\"elementor elementor-6703\">\n\t\t\t\t\t\t<section class=\"elementor-section elementor-top-section elementor-element elementor-element-7ac9ca5 elementor-section-boxed elementor-section-height-default elementor-section-height-default\" data-id=\"7ac9ca5\" data-element_type=\"section\" data-settings=\"{&quot;background_background&quot;:&quot;classic&quot;,&quot;jet_parallax_layout_list&quot;:[]}\">\n\t\t\t\t\t\t\t<div class=\"elementor-background-overlay\"><\/div>\n\t\t\t\t\t\t\t<div class=\"elementor-container elementor-column-gap-default\">\n\t\t\t\t\t<div class=\"elementor-column elementor-col-100 elementor-top-column elementor-element elementor-element-cf7f5a8\" data-id=\"cf7f5a8\" data-element_type=\"column\">\n\t\t\t<div class=\"elementor-widget-wrap elementor-element-populated\">\n\t\t\t\t\t\t<div class=\"elementor-element elementor-element-0ff87ed elementor-widget elementor-widget-heading\" data-id=\"0ff87ed\" data-element_type=\"widget\" data-widget_type=\"heading.default\">\n\t\t\t\t<div class=\"elementor-widget-container\">\n\t\t\t<h2 class=\"elementor-heading-title elementor-size-default\">Espejos<\/h2>\t\t<\/div>\n\t\t\t\t<\/div>\n\t\t\t\t\t<\/div>\n\t\t<\/div>\n\t\t\t\t\t<\/div>\n\t\t<\/section>\n\t\t\t\t<section class=\"elementor-section elementor-top-section elementor-element elementor-element-9e0edf4 elementor-section-full_width elementor-section-height-default elementor-section-height-default\" data-id=\"9e0edf4\" data-element_type=\"section\" data-settings=\"{&quot;background_background&quot;:&quot;classic&quot;,&quot;jet_parallax_layout_list&quot;:[]}\">\n\t\t\t\t\t\t<div class=\"elementor-container elementor-column-gap-default\">\n\t\t\t\t\t<div class=\"elementor-column elementor-col-100 elementor-top-column elementor-element elementor-element-eee0896\" data-id=\"eee0896\" data-element_type=\"column\">\n\t\t\t<div class=\"elementor-widget-wrap elementor-element-populated\">\n\t\t\t\t\t\t<div class=\"elementor-element elementor-element-079b266 elementor-widget elementor-widget-text-editor\" data-id=\"079b266\" data-element_type=\"widget\" data-widget_type=\"text-editor.default\">\n\t\t\t\t<div class=\"elementor-widget-container\">\n\t\t\t\t\t\t\t<p><strong>Espejos<\/strong> que reflejan elegancia y gusto personal. Las monturas de dise\u00f1o y los acabados impecables las hacen distintivas en cualquier entorno.<\/p>\t\t\t\t\t\t<\/div>\n\t\t\t\t<\/div>\n\t\t\t\t<section class=\"elementor-section elementor-inner-section elementor-element elementor-element-82ef162 elementor-section-full_width elementor-section-height-default elementor-section-height-default\" data-id=\"82ef162\" data-element_type=\"section\" data-settings=\"{&quot;jet_parallax_layout_list&quot;:[]}\">\n\t\t\t\t\t\t<div class=\"elementor-container elementor-column-gap-custom\">\n\t\t\t\t\t<div class=\"elementor-column elementor-col-25 elementor-inner-column elementor-element elementor-element-3e34518\" data-id=\"3e34518\" data-element_type=\"column\" data-settings=\"{&quot;background_background&quot;:&quot;classic&quot;}\">\n\t\t\t<div class=\"elementor-widget-wrap elementor-element-populated\">\n\t\t\t\t\t\t<div class=\"elementor-element elementor-element-f3b3fc9 elementor-widget__width-inherit elementor-widget-mobile__width-inherit jet-dropbar-position-bottom-left elementor-widget elementor-widget-jet-dropbar\" data-id=\"f3b3fc9\" data-element_type=\"widget\" data-widget_type=\"jet-dropbar.default\">\n\t\t\t\t<div class=\"elementor-widget-container\">\n\t\t\t<div class=\"elementor-jet-dropbar jet-elements\">\n<div class=\"jet-dropbar jet-dropbar--none-effect\" data-settings=\"{&quot;mode&quot;:&quot;click&quot;,&quot;hide_delay&quot;:false,&quot;ajax_template&quot;:&quot;false&quot;,&quot;template_id&quot;:false,&quot;signature&quot;:&quot;e336ac4c6da8bf9b991c9032e79ae06d&quot;}\">\n\t<div class=\"jet-dropbar__inner\">\n<button class=\"jet-dropbar__button\"><span class=\"jet-dropbar__button-text\">INTERIOR<\/span><span class=\"jet-elements-icon jet-dropbar__button-icon jet-dropbar__button-icon--after\"><i aria-hidden=\"true\" class=\"fas fa-caret-down\"><\/i><\/span><\/button>\n<div class=\"jet-dropbar__content-wrapper\">\n\t<div class=\"jet-dropbar__content\"><div><span style=\"color: #333333\"><a style=\"color: #333333\" href=\"https:\/\/orsenigo.com\/es\/collezione-tavoli\/\" rel=\"nofollow\"><br \/>Tablas<br \/><\/a><\/span><\/div><div><span style=\"color: #333333\"><a style=\"color: #333333\" href=\"https:\/\/orsenigo.com\/es\/collezione-sedute\/\" rel=\"nofollow\"><br \/>Asientos<br \/><\/a><\/span><\/div><div><span style=\"color: #333333\"><a style=\"color: #333333\" href=\"https:\/\/orsenigo.com\/es\/collezione-tavolini\/\" rel=\"nofollow\"><br \/>Mesas de centro<br \/><\/a><\/span><\/div><div><span style=\"color: #333333\"><a style=\"color: #333333\" href=\"https:\/\/orsenigo.com\/es\/collezione-librerie\/\" rel=\"nofollow\"><br \/>Librer\u00edas<br \/><\/a><\/span><\/div><div><span style=\"color: #333333\"><a style=\"color: #333333\" href=\"https:\/\/orsenigo.com\/es\/collezione-madie\/\" rel=\"nofollow\"><br \/>Madie<br \/><\/a><\/span><\/div><div><span style=\"color: #333333\"><a style=\"color: #333333\" href=\"https:\/\/orsenigo.com\/es\/collezione-consolle\/\" rel=\"nofollow\"><br \/>Consola<br \/><\/a><\/span><\/div><div><span style=\"color: #333333\"><a style=\"color: #333333\" href=\"https:\/\/orsenigo.com\/es\/collezione-scrivanie\/\" rel=\"nofollow\"><br \/>Escritorios<br \/><\/a><\/span><\/div><div><span style=\"color: #333333\"><a style=\"color: #333333\" href=\"https:\/\/orsenigo.com\/es\/collezione-specchi\/\" rel=\"nofollow\"><br \/>Espejos<br \/><\/a><\/span><\/div><div><span style=\"color: #333333\"><a style=\"color: #333333\" href=\"https:\/\/orsenigo.com\/es\/collezione-porta-abiti\/\" rel=\"nofollow\"><br \/>Perchero<br \/><\/a><\/span><\/div><div><span style=\"color: #333333\"><a style=\"color: #333333\" href=\"https:\/\/orsenigo.com\/es\/collezione-portavivande\/\" rel=\"nofollow \"><br \/>Transportista de alimentos<br \/><\/a><\/span><\/div><\/div>\n<\/div><\/div>\n<\/div>\n<\/div>\t\t<\/div>\n\t\t\t\t<\/div>\n\t\t\t\t\t<\/div>\n\t\t<\/div>\n\t\t\t\t<div class=\"elementor-column elementor-col-25 elementor-inner-column elementor-element elementor-element-7add0d6\" data-id=\"7add0d6\" data-element_type=\"column\" data-settings=\"{&quot;background_background&quot;:&quot;classic&quot;}\">\n\t\t\t<div class=\"elementor-widget-wrap elementor-element-populated\">\n\t\t\t\t\t\t<div class=\"elementor-element elementor-element-2995614 elementor-widget__width-inherit jet-dropbar-position-bottom-left elementor-widget elementor-widget-jet-dropbar\" data-id=\"2995614\" data-element_type=\"widget\" data-widget_type=\"jet-dropbar.default\">\n\t\t\t\t<div class=\"elementor-widget-container\">\n\t\t\t<div class=\"elementor-jet-dropbar jet-elements\">\n<div class=\"jet-dropbar jet-dropbar--none-effect\" data-settings=\"{&quot;mode&quot;:&quot;click&quot;,&quot;hide_delay&quot;:false,&quot;ajax_template&quot;:&quot;false&quot;,&quot;template_id&quot;:false,&quot;signature&quot;:&quot;e336ac4c6da8bf9b991c9032e79ae06d&quot;}\">\n\t<div class=\"jet-dropbar__inner\">\n<button class=\"jet-dropbar__button\"><span class=\"jet-dropbar__button-text\">OUTDOOR<\/span><span class=\"jet-elements-icon jet-dropbar__button-icon jet-dropbar__button-icon--after\"><i aria-hidden=\"true\" class=\"fas fa-caret-down\"><\/i><\/span><\/button>\n<div class=\"jet-dropbar__content-wrapper\">\n\t<div class=\"jet-dropbar__content\"><div><span style=\"color: #333333\"><a style=\"color: #333333\" href=\"https:\/\/orsenigo.com\/es\/collezione-tavoli-outdoor\/\" rel=\"nofollow\"><br \/>Tablas<br \/><\/a><\/span><\/div><div><span style=\"color: #333333\"><a style=\"color: #333333\" href=\"https:\/\/orsenigo.com\/es\/collezione-sedute-outdoor\/\" rel=\"nofollow\"><br \/>Asientos<br \/><\/a><\/span><\/div><div><span style=\"color: #333333\"><a style=\"color: #333333\" href=\"https:\/\/orsenigo.com\/es\/collezione-tavolini-outdoor\/\" rel=\"nofollow\"><br \/>Mesas de centro<br \/><\/a><\/span><\/div><div><span style=\"color: #333333\"><a style=\"color: #333333\" href=\"https:\/\/orsenigo.com\/es\/collezione-consolle-outdoor\/\" rel=\"nofollow\"><br \/>Consola<br \/><\/a><\/span><\/div><\/div>\n<\/div><\/div>\n<\/div>\n<\/div>\t\t<\/div>\n\t\t\t\t<\/div>\n\t\t\t\t\t<\/div>\n\t\t<\/div>\n\t\t\t\t<div class=\"elementor-column elementor-col-25 elementor-inner-column elementor-element elementor-element-ec839b7\" data-id=\"ec839b7\" data-element_type=\"column\" data-settings=\"{&quot;background_background&quot;:&quot;classic&quot;}\">\n\t\t\t<div class=\"elementor-widget-wrap elementor-element-populated\">\n\t\t\t\t\t\t<div class=\"elementor-element elementor-element-8709028 elementor-widget__width-inherit elementor-widget elementor-widget-jet-search\" data-id=\"8709028\" data-element_type=\"widget\" data-widget_type=\"jet-search.default\">\n\t\t\t\t<div class=\"elementor-widget-container\">\n\t\t\t<div class=\"elementor-jet-search jet-blocks\"><div class=\"jet-search\"><form role=\"search\" method=\"get\" class=\"jet-search__form\" action=\"https:\/\/orsenigo.com\/es\" data-trp-original-action=\"https:\/\/orsenigo.com\/es\/\">\n\t<label class=\"jet-search__label\">\n\t\t<input type=\"search\" class=\"jet-search__field\" placeholder=\"Buscar ...\" value=\"\" name=\"s\" \/>\n\t<\/label>\n\t\t\t<input type=\"hidden\" name=\"trp-form-language\" value=\"es\"\/><\/form><\/div><\/div>\t\t<\/div>\n\t\t\t\t<\/div>\n\t\t\t\t\t<\/div>\n\t\t<\/div>\n\t\t\t\t<div class=\"elementor-column elementor-col-25 elementor-inner-column elementor-element elementor-element-d19f0f7 elementor-hidden-mobile\" data-id=\"d19f0f7\" data-element_type=\"column\" data-settings=\"{&quot;background_background&quot;:&quot;classic&quot;}\">\n\t\t\t<div class=\"elementor-widget-wrap\">\n\t\t\t\t\t\t\t<\/div>\n\t\t<\/div>\n\t\t\t\t\t<\/div>\n\t\t<\/section>\n\t\t\t\t\t<\/div>\n\t\t<\/div>\n\t\t\t\t\t<\/div>\n\t\t<\/section>\n\t\t\t\t<section class=\"elementor-section elementor-top-section elementor-element elementor-element-3a046ee elementor-section-full_width elementor-section-height-default elementor-section-height-default\" data-id=\"3a046ee\" data-element_type=\"section\" data-settings=\"{&quot;background_background&quot;:&quot;classic&quot;,&quot;jet_parallax_layout_list&quot;:[]}\">\n\t\t\t\t\t\t<div class=\"elementor-container elementor-column-gap-default\">\n\t\t\t\t\t<div class=\"elementor-column elementor-col-100 elementor-top-column elementor-element elementor-element-c5eae8e maincolumngap\" data-id=\"c5eae8e\" data-element_type=\"column\">\n\t\t\t<div class=\"elementor-widget-wrap elementor-element-populated\">\n\t\t\t\t\t\t<section class=\"elementor-section elementor-inner-section elementor-element elementor-element-24483a3 elementor-section-full_width elementor-section-height-default elementor-section-height-default\" data-id=\"24483a3\" data-element_type=\"section\" data-settings=\"{&quot;jet_parallax_layout_list&quot;:[]}\">\n\t\t\t\t\t\t<div class=\"elementor-container elementor-column-gap-default\">\n\t\t\t\t\t<div class=\"elementor-column elementor-col-25 elementor-inner-column elementor-element elementor-element-3c7cd20 border_off\" data-id=\"3c7cd20\" data-element_type=\"column\" data-settings=\"{&quot;background_background&quot;:&quot;classic&quot;}\">\n\t\t\t<div class=\"elementor-widget-wrap elementor-element-populated\">\n\t\t\t\t\t\t<div class=\"elementor-element elementor-element-c4a4856 animated-slow elementor-invisible elementor-widget elementor-widget-image\" data-id=\"c4a4856\" data-element_type=\"widget\" data-settings=\"{&quot;_animation&quot;:&quot;fadeIn&quot;,&quot;_animation_delay&quot;:0}\" data-widget_type=\"image.default\">\n\t\t\t\t<div class=\"elementor-widget-container\">\n\t\t\t\t\t\t\t\t\t\t\t\t\t\t<a href=\"https:\/\/orsenigo.com\/es\/specchi-ring\/\">\n\t\t\t\t\t\t\t<img fetchpriority=\"high\" decoding=\"async\" width=\"1380\" height=\"1600\" src=\"https:\/\/orsenigo.com\/wp-content\/uploads\/2022\/05\/PC1-7.jpg\" class=\"attachment-full size-full wp-image-2576\" alt=\"\" srcset=\"https:\/\/orsenigo.com\/wp-content\/uploads\/2022\/05\/PC1-7.jpg 1380w, https:\/\/orsenigo.com\/wp-content\/uploads\/2022\/05\/PC1-7-259x300.jpg 259w, https:\/\/orsenigo.com\/wp-content\/uploads\/2022\/05\/PC1-7-883x1024.jpg 883w, https:\/\/orsenigo.com\/wp-content\/uploads\/2022\/05\/PC1-7-768x890.jpg 768w, https:\/\/orsenigo.com\/wp-content\/uploads\/2022\/05\/PC1-7-1325x1536.jpg 1325w\" sizes=\"(max-width: 1380px) 100vw, 1380px\" \/>\t\t\t\t\t\t\t\t<\/a>\n\t\t\t\t\t\t\t\t\t\t\t\t\t<\/div>\n\t\t\t\t<\/div>\n\t\t\t\t<div class=\"elementor-element elementor-element-4bf8a76 elementor-widget elementor-widget-text-editor\" data-id=\"4bf8a76\" data-element_type=\"widget\" data-widget_type=\"text-editor.default\">\n\t\t\t\t<div class=\"elementor-widget-container\">\n\t\t\t\t\t\t\t<p><strong>Ring<\/strong><\/p>\t\t\t\t\t\t<\/div>\n\t\t\t\t<\/div>\n\t\t\t\t<div class=\"elementor-element elementor-element-66fd51d elementor-widget elementor-widget-text-editor\" data-id=\"66fd51d\" data-element_type=\"widget\" data-widget_type=\"text-editor.default\">\n\t\t\t\t<div class=\"elementor-widget-container\">\n\t\t\t\t\t\t\t<div class=\"elementor-element elementor-element-ff150b0 elementor-widget elementor-widget-text-editor\" data-id=\"ff150b0\" data-element_type=\"widget\" data-widget_type=\"text-editor.default\"><div class=\"elementor-widget-container\"><p>Dise\u00f1o de Mauro Lipparini<\/p><\/div><\/div>\t\t\t\t\t\t<\/div>\n\t\t\t\t<\/div>\n\t\t\t\t<div class=\"elementor-element elementor-element-98bf9f4 elementor-widget elementor-widget-text-editor\" data-id=\"98bf9f4\" data-element_type=\"widget\" data-widget_type=\"text-editor.default\">\n\t\t\t\t<div class=\"elementor-widget-container\">\n\t\t\t\t\t\t\t<p>Marco met\u00e1lico, puede colocarse en vertical o en horizontal<\/p>\t\t\t\t\t\t<\/div>\n\t\t\t\t<\/div>\n\t\t\t\t\t<\/div>\n\t\t<\/div>\n\t\t\t\t<div class=\"elementor-column elementor-col-25 elementor-inner-column elementor-element elementor-element-92b6cdb border_off\" data-id=\"92b6cdb\" data-element_type=\"column\" data-settings=\"{&quot;background_background&quot;:&quot;classic&quot;}\">\n\t\t\t<div class=\"elementor-widget-wrap elementor-element-populated\">\n\t\t\t\t\t\t<div class=\"elementor-element elementor-element-f67ff67 animated-slow elementor-invisible elementor-widget elementor-widget-image\" data-id=\"f67ff67\" data-element_type=\"widget\" data-settings=\"{&quot;_animation&quot;:&quot;fadeIn&quot;,&quot;_animation_delay&quot;:0}\" data-widget_type=\"image.default\">\n\t\t\t\t<div class=\"elementor-widget-container\">\n\t\t\t\t\t\t\t\t\t\t\t\t\t\t<a href=\"https:\/\/orsenigo.com\/es\/specchi-grandangolo\/\">\n\t\t\t\t\t\t\t<img decoding=\"async\" width=\"1380\" height=\"1600\" src=\"https:\/\/orsenigo.com\/wp-content\/uploads\/2022\/05\/PC2-6.jpg\" class=\"attachment-full size-full wp-image-2577\" alt=\"\" srcset=\"https:\/\/orsenigo.com\/wp-content\/uploads\/2022\/05\/PC2-6.jpg 1380w, https:\/\/orsenigo.com\/wp-content\/uploads\/2022\/05\/PC2-6-259x300.jpg 259w, https:\/\/orsenigo.com\/wp-content\/uploads\/2022\/05\/PC2-6-883x1024.jpg 883w, https:\/\/orsenigo.com\/wp-content\/uploads\/2022\/05\/PC2-6-768x890.jpg 768w, https:\/\/orsenigo.com\/wp-content\/uploads\/2022\/05\/PC2-6-1325x1536.jpg 1325w\" sizes=\"(max-width: 1380px) 100vw, 1380px\" \/>\t\t\t\t\t\t\t\t<\/a>\n\t\t\t\t\t\t\t\t\t\t\t\t\t<\/div>\n\t\t\t\t<\/div>\n\t\t\t\t<div class=\"elementor-element elementor-element-633a120 elementor-widget elementor-widget-text-editor\" data-id=\"633a120\" data-element_type=\"widget\" data-widget_type=\"text-editor.default\">\n\t\t\t\t<div class=\"elementor-widget-container\">\n\t\t\t\t\t\t\t<p><strong>Grandangolo<\/strong><\/p>\t\t\t\t\t\t<\/div>\n\t\t\t\t<\/div>\n\t\t\t\t<div class=\"elementor-element elementor-element-da2c3f7 elementor-widget elementor-widget-text-editor\" data-id=\"da2c3f7\" data-element_type=\"widget\" data-widget_type=\"text-editor.default\">\n\t\t\t\t<div class=\"elementor-widget-container\">\n\t\t\t\t\t\t\t<div class=\"elementor-element elementor-element-ff150b0 elementor-widget elementor-widget-text-editor\" data-id=\"ff150b0\" data-element_type=\"widget\" data-widget_type=\"text-editor.default\"><div class=\"elementor-widget-container\"><p>Dise\u00f1o de Studio Orsenigo<\/p><\/div><\/div>\t\t\t\t\t\t<\/div>\n\t\t\t\t<\/div>\n\t\t\t\t<div class=\"elementor-element elementor-element-962036c elementor-widget elementor-widget-text-editor\" data-id=\"962036c\" data-element_type=\"widget\" data-widget_type=\"text-editor.default\">\n\t\t\t\t<div class=\"elementor-widget-container\">\n\t\t\t\t\t\t\t<p>Marco met\u00e1lico, puede colocarse en vertical o en horizontal<\/p>\t\t\t\t\t\t<\/div>\n\t\t\t\t<\/div>\n\t\t\t\t\t<\/div>\n\t\t<\/div>\n\t\t\t\t<div class=\"elementor-column elementor-col-25 elementor-inner-column elementor-element elementor-element-6011d97\" data-id=\"6011d97\" data-element_type=\"column\" data-settings=\"{&quot;background_background&quot;:&quot;classic&quot;}\">\n\t\t\t<div class=\"elementor-widget-wrap\">\n\t\t\t\t\t\t\t<\/div>\n\t\t<\/div>\n\t\t\t\t<div class=\"elementor-column elementor-col-25 elementor-inner-column elementor-element elementor-element-5fba838\" data-id=\"5fba838\" data-element_type=\"column\" data-settings=\"{&quot;background_background&quot;:&quot;classic&quot;}\">\n\t\t\t<div class=\"elementor-widget-wrap\">\n\t\t\t\t\t\t\t<\/div>\n\t\t<\/div>\n\t\t\t\t\t<\/div>\n\t\t<\/section>\n\t\t\t\t\t<\/div>\n\t\t<\/div>\n\t\t\t\t\t<\/div>\n\t\t<\/section>\n\t\t\t\t<\/div>","protected":false},"excerpt":{"rendered":"<p>Espejos Espejos que reflejan elegancia y su gusto personal. Marcos de dise\u00f1o y acabados impecables los hacen distintivos en cualquier ambiente. MESAS DE INTERIORAsientosMesas auxiliaresConsolasPantallasEspejosEspejosEspejosPercherosMuebles de sal\u00f3n MESAS DE EXTERIORAsientosMesas auxiliaresMuebles de sal\u00f3n Ring Design de Mauro Lipparini Estructura met\u00e1lica, puede colocarse en vertical o en horizontal Grandangolo Design de Studio Orsenigo Estructura met\u00e1lica, puede colocarse en vertical o en horizontal<\/p>","protected":false},"author":1,"featured_media":0,"parent":0,"menu_order":0,"comment_status":"closed","ping_status":"closed","template":"","meta":{"site-sidebar-layout":"no-sidebar","site-content-layout":"page-builder","ast-main-header-display":"","ast-hfb-above-header-display":"","ast-hfb-below-header-display":"","ast-hfb-mobile-header-display":"","site-post-title":"disabled","ast-breadcrumbs-content":"","ast-featured-img":"disabled","footer-sml-layout":"","theme-transparent-header-meta":"enabled","adv-header-id-meta":"","stick-header-meta":"","header-above-stick-meta":"","header-main-stick-meta":"","header-below-stick-meta":"","footnotes":""},"class_list":["post-6703","page","type-page","status-publish","hentry"],"aioseo_notices":[],"jetpack_sharing_enabled":true,"_links":{"self":[{"href":"https:\/\/orsenigo.com\/es\/wp-json\/wp\/v2\/pages\/6703","targetHints":{"allow":["GET"]}}],"collection":[{"href":"https:\/\/orsenigo.com\/es\/wp-json\/wp\/v2\/pages"}],"about":[{"href":"https:\/\/orsenigo.com\/es\/wp-json\/wp\/v2\/types\/page"}],"author":[{"embeddable":true,"href":"https:\/\/orsenigo.com\/es\/wp-json\/wp\/v2\/users\/1"}],"replies":[{"embeddable":true,"href":"https:\/\/orsenigo.com\/es\/wp-json\/wp\/v2\/comments?post=6703"}],"version-history":[{"count":5,"href":"https:\/\/orsenigo.com\/es\/wp-json\/wp\/v2\/pages\/6703\/revisions"}],"predecessor-version":[{"id":7244,"href":"https:\/\/orsenigo.com\/es\/wp-json\/wp\/v2\/pages\/6703\/revisions\/7244"}],"wp:attachment":[{"href":"https:\/\/orsenigo.com\/es\/wp-json\/wp\/v2\/media?parent=6703"}],"curies":[{"name":"wp","href":"https:\/\/api.w.org\/{rel}","templated":true}]}}